{"id":700,"date":"2023-09-20T22:29:36","date_gmt":"2023-09-20T20:29:36","guid":{"rendered":"https:\/\/spturza.pl\/?page_id=700"},"modified":"2023-09-21T14:43:44","modified_gmt":"2023-09-21T12:43:44","slug":"klauzula-informacyjna","status":"publish","type":"page","link":"https:\/\/spturza.pl\/index.php\/klauzula-informacyjna\/","title":{"rendered":"Klauzula informacyjna"},"content":{"rendered":"\n<p><strong>KLAUZULA INFORMACYJNA &#8211; przepis prawa<\/strong><\/p>\n\n\n\n<p>Na podstawie art. 13 Rozporz\u0105dzenia Parlamentu Europejskiego i Rady (UE) 2016\/679 z dnia 27 kwietnia 2016 r. w sprawie ochrony os\u00f3b fizycznych w zwi\u0105zku z przetwarzaniem danych osobowych i w sprawie swobodnego przep\u0142ywu takich danych oraz uchylenia dyrektywy 95\/46\/WE (og\u00f3lne rozporz\u0105dzenie o ochronie danych), publ. Dz. Urz. UE L Nr 119, s. 1 informujemy, i\u017c:<\/p>\n\n\n\n<ol class=\"wp-block-list\">\n<li>Administratorem Pani\/Pana danych osobowych jest <strong>Szko\u0142a Podstawowa w Turzy <\/strong>(Turza 2, 33-167 Turza, tel. kontaktowy: 14&nbsp;653 10 85, adres e-mail: <a href=\"mailto: <script type='text\/javascript'> <!-- var prefix = 'ma' + 'il' + 'to'; var path = 'hr' + 'ef' + '='; var addy74203 = 'spturza' + '@'; addy74203 = addy74203 + 'op' + '.' + 'pl'; document.write('<a ' + path + '\\'' + prefix + ':' + addy74203 + '\\'>'); document.write(addy74203); document.write('<\\\/a>'); \/\/-->\\n <\/script><script type='text\/javascript'> <!-- document.write('<span style=\\'display: none;\\'>'); \/\/--> <\/script>Ten adres pocztowy jest chroniony przed spamowaniem. Aby go zobaczy\u0107, konieczne jest w\u0142\u0105czenie obs\u0142ugi JavaScript. <script type='text\/javascript'> <!-- document.write('<\/'); document.write('span>'); \/\/--> <\/script>&#8220;><\/a><a href=\"mailto:spturza@op.pl\">spturza@op.pl<\/a>)<\/li>\n<\/ol>\n\n\n\n<ol class=\"wp-block-list\">\n<li>W sprawach z zakresu ochrony danych osobowych mog\u0105 Pa\u0144stwo kontaktowa\u0107 si\u0119 z Inspektorem Ochrony Danych pod adresem e-mail: <a href=\"mailto:inspektor@cbi24.pl\">inspektor@cbi24.pl<\/a>.<\/li>\n\n\n\n<li>Dane osobowe b\u0119d\u0105 przetwarzane w celu realizacji obowi\u0105zk\u00f3w prawnych ci\u0105\u017c\u0105cych na Administratorze.<\/li>\n\n\n\n<li>Pani\/Pana dane osobowe b\u0119d\u0105 przechowywane przez okres niezb\u0119dny do realizacji celu przetwarzania, z&nbsp;uwzgl\u0119dnieniem okres\u00f3w przechowywania okre\u015blonych w Jednolitym Rzeczowym Wykazie Akt Administratora, ustawie z dnia 14 lipca 1983 r. <em>o&nbsp;narodowym zasobie archiwalnym i&nbsp;archiwach<\/em> b\u0105d\u017a innych przepisach prawa, kt\u00f3re reguluj\u0105 okresy przechowywania danych.<\/li>\n\n\n\n<li>Podstaw\u0105 prawn\u0105 przetwarzania danych jest art. 6 ust. 1 lit. c) ww. Rozporz\u0105dzenia.<\/li>\n\n\n\n<li>Pani\/Pana dane mog\u0105 zosta\u0107 przekazane nast\u0119puj\u0105cym kategoriom odbiorc\u00f3w:<br>1) podmiotom przetwarzaj\u0105cym \u2013 osobom fizycznym lub prawnym, organom publicznym, jednostkom lub innym podmiotom, kt\u00f3re przetwarzaj\u0105 dane osobowe w&nbsp;imieniu Administratora \u2013 w szczeg\u00f3lno\u015bci dostawcom us\u0142ug teleinformatycznych, podmiotom zapewniaj\u0105cym ochron\u0119 danych osobowych i bezpiecze\u0144stwo IT; 2) podmiotom lub organom kt\u00f3rym Administrator jest ustawowo obowi\u0105zany przekazywa\u0107 dane lub uprawnionym do ich otrzymania na podstawie przepis\u00f3w prawa; 3) operatorom pocztowym; 4) pracownikom Administratora.<\/li>\n\n\n\n<li>Osoba, kt\u00f3rej dane dotycz\u0105 ma prawo do:<\/li>\n<\/ol>\n\n\n\n<p>&#8211; dost\u0119pu do tre\u015bci swoich danych oraz mo\u017cliwo\u015bci ich poprawiania, sprostowania, ograniczenia przetwarzania, a tak\u017ce &#8211; w przypadkach przewidzianych prawem &#8211; prawo do usuni\u0119cia danych i prawo do wniesienia sprzeciwu wobec przetwarzania Pa\u0144stwa danych.<\/p>\n\n\n\n<p><a><\/a> &#8211; wniesienia skargi do organu nadzorczego w przypadku gdy przetwarzanie danych odbywa si\u0119<br>z naruszeniem przepis\u00f3w powy\u017cszego rozporz\u0105dzenia tj. Prezesa Ochrony Danych Osobowych,<br>ul. Stawki 2, 00-193 Warszawa.<\/p>\n\n\n\n<p>Ponadto informujemy, i\u017c w zwi\u0105zku z przetwarzaniem Pani\/Pana danych osobowych nie podlega Pan\/Pani decyzjom, kt\u00f3re si\u0119 opieraj\u0105 wy\u0142\u0105cznie na zautomatyzowanym przetwarzaniu, w tym profilowaniu, o czym stanowi art. 22 og\u00f3lnego rozporz\u0105dzenia o ochronie danych osobowych.<\/p>\n\n\n\n<p><strong>KLAUZULA INFORMACYJNA &#8211; zadania o\u015bwiatowe, dydaktyczne, wychowawcze<\/strong><\/p>\n\n\n\n<p><strong>Zgodnie z art. 13 ust. 1 i 2 RODO* informujemy, \u017ce:<\/strong><\/p>\n\n\n\n<p>1. Administratorem jest <strong>Szko\u0142a Podstawowa w Turzy <\/strong>(Turza 2, 33-167 Turza, tel. kontaktowy: 14&nbsp;653 10 85, adres e-mail: <a href=\"mailto: <script type='text\/javascript'> <!-- var prefix = 'ma' + 'il' + 'to'; var path = 'hr' + 'ef' + '='; var addy4786 = 'spturza' + '@'; addy4786 = addy4786 + 'op' + '.' + 'pl'; document.write('<a ' + path + '\\'' + prefix + ':' + addy4786 + '\\'>'); document.write(addy4786); document.write('<\\\/a>'); \/\/-->\\n <\/script><script type='text\/javascript'> <!-- document.write('<span style=\\'display: none;\\'>'); \/\/--> <\/script>Ten adres pocztowy jest chroniony przed spamowaniem. Aby go zobaczy\u0107, konieczne jest w\u0142\u0105czenie obs\u0142ugi JavaScript. <script type='text\/javascript'> <!-- document.write('<\/'); document.write('span>'); \/\/--> <\/script>&#8220;><\/a><a href=\"mailto:spturza@op.pl\">spturza@op.pl<\/a>)<\/p>\n\n\n\n<p>2. Administrator wyznaczy\u0142 inspektora ochrony danych, z kt\u00f3rym mo\u017cna skontaktowa\u0107 si\u0119 pod adresem e-mail: <a href=\"mailto: <script type='text\/javascript'> <!-- var prefix = 'ma' + 'il' + 'to'; var path = 'hr' + 'ef' + '='; var addy90398 = 'inspektor' + '@'; addy90398 = addy90398 + 'cbi24' + '.' + 'pl'; document.write('<a ' + path + '\\'' + prefix + ':' + addy90398 + '\\'>'); document.write(addy90398); document.write('<\\\/a>'); \/\/-->\\n <\/script><script type='text\/javascript'> <!-- document.write('<span style=\\'display: none;\\'>'); \/\/--> <\/script>Ten adres pocztowy jest chroniony przed spamowaniem. Aby go zobaczy\u0107, konieczne jest w\u0142\u0105czenie obs\u0142ugi JavaScript. <script type='text\/javascript'> <!-- document.write('<\/'); document.write('span>'); \/\/--> <\/script>&#8220;><\/a><a href=\"mailto:inspektor@cbi24.pl\">inspektor@cbi24.pl<\/a> b\u0105d\u017a pisemnie na adres Administratora.<\/p>\n\n\n\n<p>3.&nbsp;Celem przetwarzania jest realizacja zada\u0144 o\u015bwiatowych, dydaktycznych, wychowawczych, zagwarantowanie dziecku bezpiecze\u0144stwa oraz wype\u0142nianie obowi\u0105zku dotycz\u0105cego uzupe\u0142niania i prowadzenia dokumentacji przebiegu nauczania, dzia\u0142alno\u015bci wychowawczej i opieku\u0144czej.<\/p>\n\n\n\n<p>4. Podstaw\u0105 prawn\u0105 przetwarzania danych jest art. 6 ust. 1 lit. c) RODO oraz art. 9 ust. 2 lit. g) RODO. Wype\u0142nienie obowi\u0105zk\u00f3w prawnych ci\u0105\u017c\u0105cych na administratorze wynika z przepis\u00f3w:<\/p>\n\n\n\n<p>&#8211; ustawy z dnia 14 grudnia 2016 r. Prawo o\u015bwiatowe;<\/p>\n\n\n\n<p>&#8211; ustawy z dnia 7 wrze\u015bnia 1991 r. o systemie o\u015bwiaty;<\/p>\n\n\n\n<p>&#8211;&nbsp;akt\u00f3w wykonawczych do ww. ustaw, w tym rozporz\u0105dzenia Ministra Edukacji Narodowej z dnia 25 sierpnia 2017 r. w sprawie sposobu prowadzenia przez publiczne przedszkola, szko\u0142y i plac\u00f3wki dokumentacji przebiegu nauczania, dzia\u0142alno\u015bci wychowawczej i opieku\u0144czej oraz rodzaj\u00f3w tej dokumentacji. Podanie danych jest wymogiem ustawowym. Osoba, kt\u00f3rej dane dotycz\u0105 jest zobowi\u0105zana je poda\u0107. Konsekwencj\u0105 niepodania danych jest brak mo\u017cliwo\u015bci realizacji zada\u0144 ustawowych przez administratora.<\/p>\n\n\n\n<p>5.&nbsp;Pani\/Pana dane mog\u0105 zosta\u0107 przekazane nast\u0119puj\u0105cym kategoriom odbiorc\u00f3w:<br>1) podmiotom przetwarzaj\u0105cym \u2013 osobom fizycznym lub prawnym, organom publicznym, jednostkom lub innym podmiotom, kt\u00f3re przetwarzaj\u0105 dane osobowe w&nbsp;imieniu Administratora \u2013 w szczeg\u00f3lno\u015bci dostawcom us\u0142ug teleinformatycznych, podmiotom zapewniaj\u0105cym ochron\u0119 danych osobowych i bezpiecze\u0144stwo IT; dostawcy Dziennika elektronicznego 2) podmiotom lub organom kt\u00f3rym Administrator jest ustawowo obowi\u0105zany przekazywa\u0107 dane lub uprawnionym do ich otrzymania na podstawie przepis\u00f3w prawa; 3) operatorom pocztowym; 4) pracownikom Administratora.<\/p>\n\n\n\n<p>6. Pani\/Pana dane osobowe b\u0119d\u0105 przechowywane przez okres niezb\u0119dny do realizacji celu przetwarzania, z&nbsp;uwzgl\u0119dnieniem okres\u00f3w przechowywania okre\u015blonych w Jednolitym Rzeczowym Wykazie Akt Administratora, ustawie z dnia 14 lipca 1983 r. <em>o&nbsp;narodowym zasobie archiwalnym i&nbsp;archiwach<\/em> b\u0105d\u017a innych przepisach prawa, kt\u00f3re reguluj\u0105 okresy przechowywania danych.<\/p>\n\n\n\n<p>7. Ma Pan\/Pani prawo:<\/p>\n\n\n\n<p>&#8211; dost\u0119pu do swoich danych osobowych;<\/p>\n\n\n\n<p>&#8211; sprostowania nieprawid\u0142owych danych;<\/p>\n\n\n\n<p>&#8211; \u017c\u0105dania usuni\u0119cia danych, o ile znajdzie zastosowanie jedna z przes\u0142anek z art. 17 ust. 1 RODO;<\/p>\n\n\n\n<p><a><\/a> &#8211; \u017c\u0105dania ograniczenia przetwarzania danych.<\/p>\n\n\n\n<p>8. Ma Pan\/Pani prawo z\u0142o\u017cenia skargi na niezgodne z prawem przetwarzanie danych osobowych do Prezesa Urz\u0119du Ochrony Danych Osobowych, ul. Stawki 2, 00 \u2013 193 Warszawa.<\/p>\n\n\n\n<p>&nbsp;*Rozporz\u0105dzenie Parlamentu Europejskiego i Rady (UE) 2016\/679 z dnia 27 kwietnia 2016 r. w sprawie ochrony os\u00f3b fizycznych w zwi\u0105zku z przetwarzaniem danych osobowych i w sprawie swobodnego przep\u0142ywu takich danych oraz uchylenia dyrektywy 95\/46\/WE (og\u00f3lne rozporz\u0105dzenie o ochronie danych).<\/p>\n\n\n\n<p><strong>OBOWI\u0104ZEK INFORMACYJNY<\/strong><\/p>\n\n\n\n<p>&nbsp;Na podstawie art. 13 ust. 1 i 2 Rozporz\u0105dzenia Parlamentu Europejskiego i Rady (UE) 2016\/679 z 27 kwietnia 2016 r. w sprawie ochrony os\u00f3b fizycznych w zwi\u0105zku z przetwarzaniem danych osobowych i w sprawie swobodnego przep\u0142ywu takich danych oraz uchylenia dyrektywy 95\/46\/WE (Dz. U. UE. L. z 2016r. Nr 119, s.1 ze zm.) &#8211; dalej: \u201eRODO\u201d informuj\u0119, \u017ce:&nbsp;<\/p>\n\n\n\n<ol class=\"wp-block-list\">\n<li>Administratorem Pani\/Pana danych jest <strong>Szko\u0142a Podstawowa w Turzy <\/strong>(Turza 2, 33-167 Turza, tel. kontaktowy: 14&nbsp;653 10 85, adres e-mail: <a href=\"mailto: <script type='text\/javascript'> <!-- var prefix = 'ma' + 'il' + 'to'; var path = 'hr' + 'ef' + '='; var addy81077 = 'spturza' + '@'; addy81077 = addy81077 + 'op' + '.' + 'pl'; document.write('<a ' + path + '\\'' + prefix + ':' + addy81077 + '\\'>'); document.write(addy81077); document.write('<\\\/a>'); \/\/-->\\n <\/script><script type='text\/javascript'> <!-- document.write('<span style=\\'display: none;\\'>'); \/\/--> <\/script>Ten adres pocztowy jest chroniony przed spamowaniem. Aby go zobaczy\u0107, konieczne jest w\u0142\u0105czenie obs\u0142ugi JavaScript. <script type='text\/javascript'> <!-- document.write('<\/'); document.write('span>'); \/\/--> <\/script>&#8220;><\/a><a href=\"mailto:spturza@op.pl\">spturza@op.pl<\/a>)<\/li>\n\n\n\n<li>Administrator wyznaczy\u0142 Inspektora Ochrony Danych, z kt\u00f3rym mo\u017ce si\u0119 Pani\/Pan kontaktowa\u0107 we wszystkich sprawach dotycz\u0105cych przetwarzania danych osobowych za po\u015brednictwem adresu email: <a href=\"mailto: <script type='text\/javascript'> <!-- var prefix = 'ma' + 'il' + 'to'; var path = 'hr' + 'ef' + '='; var addy73039 = 'iod' + '@'; addy73039 = addy73039 + 'ugim' + '.' + 'miechow' + '.' + 'eu'; document.write('<a ' + path + '\\'' + prefix + ':' + addy73039 + '\\'>'); document.write(addy73039); document.write('<\\\/a>'); \/\/-->\\n <\/script><script type='text\/javascript'> <!-- document.write('<span style=\\'display: none;\\'>'); \/\/--> <\/script>Ten adres pocztowy jest chroniony przed spamowaniem. Aby go zobaczy\u0107, konieczne jest w\u0142\u0105czenie obs\u0142ugi JavaScript. <script type='text\/javascript'> <!-- document.write('<\/'); document.write('span>'); \/\/--> <\/script>&#8220;><\/a><a href=\"mailto:inspektor@cbi24.pl\">inspektor@cbi24.pl<\/a> lub pisemnie na adres Administratora.<\/li>\n\n\n\n<li><a><\/a><a><\/a> Pani\/Pana dane osobowe b\u0119d\u0105 przetwarzane w celu: <strong>zawarcia umowy<\/strong>, jak r\u00f3wnie\u017c w celu realizacji praw oraz obowi\u0105zk\u00f3w wynikaj\u0105cych z przepis\u00f3w prawa (art. 6 ust. 1 lit. c RODO) oraz ustawy z dnia 23 kwietnia 1964 r.- Kodeks cywilny.<\/li>\n\n\n\n<li>Pani\/Pana dane osobowe b\u0119d\u0105 przechowywane przez okres niezb\u0119dny do realizacji celu przetwarzania, z&nbsp;uwzgl\u0119dnieniem okres\u00f3w przechowywania okre\u015blonych w Jednolitym Rzeczowym Wykazie Akt Administratora, ustawie z dnia 14 lipca 1983 r. <em>o&nbsp;narodowym zasobie archiwalnym i&nbsp;archiwach<\/em> b\u0105d\u017a innych przepisach prawa, kt\u00f3re reguluj\u0105 okresy przechowywania danych.<\/li>\n\n\n\n<li>Pani\/Pana dane b\u0119d\u0105 przetwarzane w zautomatyzowany spos\u00f3b, lecz nie b\u0119d\u0105 podlega\u0107 zautomatyzowanemu&nbsp;podejmowaniu decyzji, w tym profilowaniu.<\/li>\n\n\n\n<li>Pani\/Pana dane osobowych nie b\u0119d\u0105 przekazywane poza Europejski Obszar Gospodarczy (obejmuj\u0105cy Uni\u0119 Europejsk\u0105, Norwegi\u0119, Liechtenstein i Islandi\u0119).<\/li>\n\n\n\n<li>W zwi\u0105zku z przetwarzaniem Pani\/Pana danych osobowych, przys\u0142uguj\u0105 Pani\/Panu nast\u0119puj\u0105ce prawa:<\/li>\n<\/ol>\n\n\n\n<ol class=\"wp-block-list\">\n<li>prawo dost\u0119pu do swoich danych oraz otrzymania ich kopii;<\/li>\n\n\n\n<li>prawo do sprostowania (poprawiania) swoich danych osobowych;<\/li>\n\n\n\n<li>prawo do ograniczenia przetwarzania danych osobowych;<\/li>\n\n\n\n<li>prawo wniesienia skargi do Prezesa Urz\u0119du Ochrony Danych Osobowych<br>(ul. Stawki 2, 00-193 Warszawa), w&nbsp;sytuacji, gdy uzna Pani\/Pan, \u017ce przetwarzanie danych osobowych narusza przepisy og\u00f3lnego rozporz\u0105dzenia o ochronie danych osobowych (RODO);<\/li>\n<\/ol>\n\n\n\n<ol class=\"wp-block-list\">\n<li>Podanie przez Pani\u0105\/Pana danych osobowych jest obowi\u0105zkowe. Nieprzekazanie danych skutkowa\u0107 b\u0119dzie brakiem realizacji celu, o kt\u00f3rym mowa w punkcie 3.<\/li>\n\n\n\n<li>Pani\/Pana dane mog\u0105 zosta\u0107 przekazane nast\u0119puj\u0105cym kategoriom odbiorc\u00f3w: 1) podmiotom przetwarzaj\u0105cym \u2013 osobom fizycznym lub prawnym, organom publicznym, jednostkom lub innym podmiotom, kt\u00f3re przetwarzaj\u0105 dane osobowe w&nbsp;imieniu Administratora \u2013 w szczeg\u00f3lno\u015bci dostawcom us\u0142ug teleinformatycznych, podmiotom zapewniaj\u0105cym ochron\u0119 danych osobowych i bezpiecze\u0144stwo IT; 2) podmiotom lub organom kt\u00f3rym Administrator jest ustawowo obowi\u0105zany przekazywa\u0107 dane lub uprawnionym do ich otrzymania na podstawie przepis\u00f3w prawa; 3) operatorom pocztowym; 4) pracownikom Administratora. &nbsp; &nbsp; <strong>KLAUZULA INFORMACYJNA &#8211; \u015bwietlica szkolna<\/strong> &nbsp; Na podstawie art. 13 ust. 1 i 2 Rozporz\u0105dzenia Parlamentu Europejskiego i Rady (UE) 2016\/679 z 27 kwietnia 2016 r. w sprawie ochrony os\u00f3b fizycznych w zwi\u0105zku z przetwarzaniem danych osobowych i w sprawie swobodnego przep\u0142ywu takich danych oraz uchylenia dyrektywy 95\/46\/WE (Dz. Urz. UE. L. z 2016 r. Nr 119, s. 1 ze zm.) &#8211; dalej: \u201eRODO\u201d informuj\u0119, \u017ce:&nbsp; 1. Administratorem Pani\/Pana danych jest <strong>Szko\u0142a Podstawowa w Turzy <\/strong>(Turza 2, 33-167 Turza, tel. kontaktowy: 14&nbsp;653 10 85, adres e-mail: <a href=\"mailto: <script type='text\/javascript'> <!-- var prefix = 'ma' + 'il' + 'to'; var path = 'hr' + 'ef' + '='; var addy11725 = 'spturza' + '@'; addy11725 = addy11725 + 'op' + '.' + 'pl'; document.write('<a ' + path + '\\'' + prefix + ':' + addy11725 + '\\'>'); document.write(addy11725); document.write('<\\\/a>'); \/\/-->\\n <\/script><script type='text\/javascript'> <!-- document.write('<span style=\\'display: none;\\'>'); \/\/--> <\/script>Ten adres pocztowy jest chroniony przed spamowaniem. Aby go zobaczy\u0107, konieczne jest w\u0142\u0105czenie obs\u0142ugi JavaScript. <script type='text\/javascript'> <!-- document.write('<\/'); document.write('span>'); \/\/--> <\/script>&#8220;><\/a><a href=\"mailto:spturza@op.pl\">spturza@op.pl<\/a>)&nbsp; 2. Administrator wyznaczy\u0142 Inspektora Ochrony Danych, z kt\u00f3rym mog\u0105 si\u0119 Pa\u0144stwo kontaktowa\u0107 we wszystkich sprawach dotycz\u0105cych przetwarzania danych osobowych za po\u015brednictwem adresu e &#8211; mail: <a href=\"mailto: <script type='text\/javascript'> <!-- var prefix = 'ma' + 'il' + 'to'; var path = 'hr' + 'ef' + '='; var addy51360 = 'inspektor' + '@'; addy51360 = addy51360 + 'cbi24' + '.' + 'pl'; document.write('<a ' + path + '\\'' + prefix + ':' + addy51360 + '\\'>'); document.write(addy51360); document.write('<\\\/a>'); \/\/-->\\n <\/script><script type='text\/javascript'> <!-- document.write('<span style=\\'display: none;\\'>'); \/\/--> <\/script>Ten adres pocztowy jest chroniony przed spamowaniem. Aby go zobaczy\u0107, konieczne jest w\u0142\u0105czenie obs\u0142ugi JavaScript. <script type='text\/javascript'> <!-- document.write('<\/'); document.write('span>'); \/\/--> <\/script>&#8220;><\/a><a href=\"mailto:inspektor@cbi24.pl\">inspektor@cbi24.pl<\/a> lub pisemnie pod adres Administratora. &nbsp;3. Pani\/Pana dane osobowe b\u0119d\u0105 przetwarzane w celu zg\u0142oszenia dziecka do \u015bwietlicy szkolnej, a nast\u0119pnie w zwi\u0105zku z prowadzeniem dziennika zaj\u0119\u0107 w \u015bwietlicy.&nbsp; 4. Podstaw\u0105 prawn\u0105 przetwarzania danych jest art. 6 ust. 1 lit. c) RODO. Przepisy szczeg\u00f3lne zosta\u0142y zawarte w ustawie z dnia 14 grudnia 2016 r. Prawo o\u015bwiatowe (t. j. Dz. U. z 2020 r. poz. 910) oraz w rozporz\u0105dzeniu Ministra Edukacji Narodowej z dnia 25 sierpnia 2017 r. w sprawie sposobu prowadzenia przez publiczne przedszkola, szko\u0142y i plac\u00f3wki dokumentacji przebiegu nauczania, dzia\u0142alno\u015bci wychowawczej i opieku\u0144czej oraz rodzaj\u00f3w tej dokumentacji (Dz. U. z 2017 r. poz. 1646) &#8211; w zwi\u0105zku z prowadzeniem dziennika zaj\u0119\u0107 w \u015bwietlicy. Przetwarzanie danych jest wymogiem ustawowym. Osoby, kt\u00f3rych dane dotycz\u0105 s\u0105 zobowi\u0105zane do ich podania. Nieprzekazanie danych skutkowa\u0107 b\u0119dzie niemo\u017cno\u015bci\u0105 realizacji ustawowego celu przetwarzania danych. 5.Pani\/Pana dane mog\u0105 zosta\u0107 przekazane nast\u0119puj\u0105cym kategoriom odbiorc\u00f3w:<br>1) podmiotom przetwarzaj\u0105cym \u2013 osobom fizycznym lub prawnym, organom publicznym, jednostkom lub innym podmiotom, kt\u00f3re przetwarzaj\u0105 dane osobowe w&nbsp;imieniu Administratora \u2013 w szczeg\u00f3lno\u015bci dostawcom us\u0142ug teleinformatycznych, podmiotom zapewniaj\u0105cym ochron\u0119 danych osobowych i bezpiecze\u0144stwo IT; 2) podmiotom lub organom kt\u00f3rym Administrator jest ustawowo obowi\u0105zany przekazywa\u0107 dane lub uprawnionym do ich otrzymania na podstawie przepis\u00f3w prawa; 3) pracownikom Administratora. &nbsp;6. Pani\/Pana dane osobowe b\u0119d\u0105 przechowywane przez okres niezb\u0119dny do realizacji celu przetwarzania, z&nbsp;uwzgl\u0119dnieniem okres\u00f3w przechowywania okre\u015blonych w Jednolitym Rzeczowym Wykazie Akt Administratora, ustawie z dnia 14 lipca 1983 r. <em>o&nbsp;narodowym zasobie archiwalnym i&nbsp;archiwach<\/em> b\u0105d\u017a innych przepisach prawa, kt\u00f3re reguluj\u0105 okresy przechowywania danych.&nbsp; 7. W zwi\u0105zku z przetwarzaniem Pani\/Pana danych osobowych, przys\u0142uguj\u0105 Pa\u0144stwu nast\u0119puj\u0105ce prawa:&nbsp; a) prawo dost\u0119pu do swoich danych osobowych oraz otrzymania ich kopii; b) sprostowania nieprawid\u0142owych danych;&nbsp; c) \u017c\u0105dania usuni\u0119cia danych, o ile znajdzie zastosowanie jedna z przes\u0142anek z art. 17 ust. 1 RODO;&nbsp; d) prawo do ograniczenia przetwarzania danych osobowych. &nbsp;8. Ma Pan\/Pani prawo z\u0142o\u017cenia skargi na niezgodne z prawem przetwarzanie danych osobowych do Prezesa Urz\u0119du Ochrony Danych Osobowych, ul. Stawki 2, 00 \u2013 193 Warszawa.<\/li>\n<\/ol>\n","protected":false},"excerpt":{"rendered":"<p>KLAUZULA INFORMACYJNA &#8211; przepis prawa Na podstawie art. 13 Rozporz\u0105dzenia Parlamentu Europejskiego i Rady (UE) 2016\/679 z dnia 27 kwietnia 2016 r. w sprawie ochrony os\u00f3b fizycznych w zwi\u0105zku z przetwarzaniem danych osobowych i w sprawie swobodnego przep\u0142ywu takich danych oraz uchylenia dyrektywy 95\/46\/WE (og\u00f3lne rozporz\u0105dzenie o ochronie danych), publ. Dz. Urz. UE L Nr &hellip; <\/p>\n<p><a class=\"more-link btn\" href=\"https:\/\/spturza.pl\/index.php\/klauzula-informacyjna\/\">Kontynuuj czytanie<\/a><\/p>\n","protected":false},"author":1,"featured_media":0,"parent":0,"menu_order":0,"comment_status":"closed","ping_status":"closed","template":"template-onecolumn.php","meta":{"ngg_post_thumbnail":0,"footnotes":""},"class_list":["post-700","page","type-page","status-publish","hentry","nodate","item-wrap"],"_links":{"self":[{"href":"https:\/\/spturza.pl\/index.php\/wp-json\/wp\/v2\/pages\/700","targetHints":{"allow":["GET"]}}],"collection":[{"href":"https:\/\/spturza.pl\/index.php\/wp-json\/wp\/v2\/pages"}],"about":[{"href":"https:\/\/spturza.pl\/index.php\/wp-json\/wp\/v2\/types\/page"}],"author":[{"embeddable":true,"href":"https:\/\/spturza.pl\/index.php\/wp-json\/wp\/v2\/users\/1"}],"replies":[{"embeddable":true,"href":"https:\/\/spturza.pl\/index.php\/wp-json\/wp\/v2\/comments?post=700"}],"version-history":[{"count":3,"href":"https:\/\/spturza.pl\/index.php\/wp-json\/wp\/v2\/pages\/700\/revisions"}],"predecessor-version":[{"id":1686,"href":"https:\/\/spturza.pl\/index.php\/wp-json\/wp\/v2\/pages\/700\/revisions\/1686"}],"wp:attachment":[{"href":"https:\/\/spturza.pl\/index.php\/wp-json\/wp\/v2\/media?parent=700"}],"curies":[{"name":"wp","href":"https:\/\/api.w.org\/{rel}","templated":true}]}}