{"id":685,"date":"2023-09-20T22:22:31","date_gmt":"2023-09-20T20:22:31","guid":{"rendered":"https:\/\/spturza.pl\/?page_id=685"},"modified":"2023-09-21T14:45:21","modified_gmt":"2023-09-21T12:45:21","slug":"skladanie-ofert-2","status":"publish","type":"page","link":"https:\/\/spturza.pl\/index.php\/skladanie-ofert-2\/","title":{"rendered":"Sk\u0142adanie ofert"},"content":{"rendered":"\n<p><a href=\"http:\/\/old.spturza.pl\/images\/dok_pdf\/2022-2023\/oferta.pdf\">oferta w ramach Grantu 3<\/a><\/p>\n\n\n\n<p><a href=\"http:\/\/old.spturza.pl\/images\/dok_pdf\/2022-2023\/form_ofe.docx\">formularz sk\u0142adania ofert<\/a><\/p>\n\n\n\n<p><a href=\"http:\/\/old.spturza.pl\/images\/dok_pdf\/2022-2023\/CCF27042023.pdf\">z\u0142o\u017cone oferty<\/a><\/p>\n","protected":false},"excerpt":{"rendered":"<p>oferta w ramach Grantu 3 formularz sk\u0142adania ofert z\u0142o\u017cone oferty<\/p>\n","protected":false},"author":1,"featured_media":0,"parent":0,"menu_order":0,"comment_status":"closed","ping_status":"closed","template":"template-onecolumn.php","meta":{"ngg_post_thumbnail":0,"footnotes":""},"class_list":["post-685","page","type-page","status-publish","hentry","nodate","item-wrap"],"_links":{"self":[{"href":"https:\/\/spturza.pl\/index.php\/wp-json\/wp\/v2\/pages\/685","targetHints":{"allow":["GET"]}}],"collection":[{"href":"https:\/\/spturza.pl\/index.php\/wp-json\/wp\/v2\/pages"}],"about":[{"href":"https:\/\/spturza.pl\/index.php\/wp-json\/wp\/v2\/types\/page"}],"author":[{"embeddable":true,"href":"https:\/\/spturza.pl\/index.php\/wp-json\/wp\/v2\/users\/1"}],"replies":[{"embeddable":true,"href":"https:\/\/spturza.pl\/index.php\/wp-json\/wp\/v2\/comments?post=685"}],"version-history":[{"count":2,"href":"https:\/\/spturza.pl\/index.php\/wp-json\/wp\/v2\/pages\/685\/revisions"}],"predecessor-version":[{"id":758,"href":"https:\/\/spturza.pl\/index.php\/wp-json\/wp\/v2\/pages\/685\/revisions\/758"}],"wp:attachment":[{"href":"https:\/\/spturza.pl\/index.php\/wp-json\/wp\/v2\/media?parent=685"}],"curies":[{"name":"wp","href":"https:\/\/api.w.org\/{rel}","templated":true}]}}