{"id":683,"date":"2023-09-20T22:22:11","date_gmt":"2023-09-20T20:22:11","guid":{"rendered":"https:\/\/spturza.pl\/?page_id=683"},"modified":"2025-04-08T21:09:52","modified_gmt":"2025-04-08T19:09:52","slug":"deklaracja-dostepnosci-2","status":"publish","type":"page","link":"https:\/\/spturza.pl\/index.php\/deklaracja-dostepnosci-2\/","title":{"rendered":"Deklaracja dost\u0119pno\u015bci"},"content":{"rendered":"\n<h3 class=\"wp-block-heading\">Wst\u0119p deklaracji<\/h3>\n\n\n\n<p>Szko\u0142a Podstawowa w Turzy zobowi\u0105zuje si\u0119 zapewni\u0107 dost\u0119pno\u015b\u0107 swojej strony podmiotowej BIP zgodnie z przepisami ustawy z dnia 4 kwietnia 2019 r. o dost\u0119pno\u015bci cyfrowej stron internetowych i aplikacji mobilnych podmiot\u00f3w publicznych. O\u015bwiadczenie w sprawie dost\u0119pno\u015bci ma zastosowanie do serwisu internetowego http:\/\/ www.spturza.pl\/<\/p>\n\n\n\n<p>Dane teleadresowe jednostki:<\/p>\n\n\n\n<p>Szko\u0142a Podstawowa w Turzy<\/p>\n\n\n\n<p>Turza 2<br>33-167 Turza<br>telefon: +48146531085<br>email: szkola@spturza.edupoczta.pl<\/p>\n\n\n\n<p>Data publikacji strony internetowej:&nbsp;2021-01-04<br><br>Data ostatniej istotnej aktualizacji:&nbsp;2023-03-29<\/p>\n\n\n\n<p>Strona internetowa jest cz\u0119\u015bciowo zgodna z ustaw\u0105 z dnia 4 kwietnia 2019 r. o dost\u0119pno\u015bci cyfrowej stron internetowych i aplikacji mobilnych podmiot\u00f3w publicznych z powodu niezgodno\u015bci lub wy\u0142\u0105cze\u0144 wymienionych poni\u017cej:<\/p>\n\n\n\n<p>Wy\u0142\u0105czenia:<\/p>\n\n\n\n<ul class=\"wp-block-list\">\n<li>cz\u0119\u015b\u0107 plik\u00f3w nie jest dost\u0119pna cyfrowo,<\/li>\n\n\n\n<li>dokumenty PDF nie s\u0105 w ca\u0142o\u015bci poprawnie odczytywane przez programy dla os\u00f3b niewidomych,<\/li>\n\n\n\n<li>nie wszystkie elementy nietekstowe, takie jak zdj\u0119cia, obrazki ozdobne, ikony posiadaj\u0105 opis alternatywny.<\/li>\n<\/ul>\n\n\n\n<p><\/p>\n\n\n\n<p>Analiza o nadmiernym obci\u0105\u017ceniu:<\/p>\n\n\n\n<p>Data sporz\u0105dzenia deklaracji<\/p>\n\n\n\n<p>Deklaracj\u0119 sporz\u0105dzono dnia: 2021-01-04<\/p>\n\n\n\n<p>Deklaracj\u0119 sporz\u0105dzono na podstawie samooceny przeprowadzonej przez podmiot publiczny.<\/p>\n\n\n\n<p>Data ostatniego przegl\u0105du i aktualizacji Deklaracji: 2025-03-28&nbsp;<\/p>\n\n\n\n<h3 class=\"wp-block-heading\">Informacje zwrotne i dane kontaktowe<\/h3>\n\n\n\n<p>Osoba do kontaktu w sprawie dost\u0119pno\u015bci:&nbsp;Jadwiga Ryba&nbsp;<br>e-mail osoby kontaktowej:&nbsp;<a href=\"mailto:tomasz.burkot@spturza.edupoczta.pl\">tomasz.burkot@spturza.edupoczta.pl<\/a>&nbsp;<br>Numer telefonu do osoby kontaktowej:&nbsp;+48146531085<\/p>\n\n\n\n<h3 class=\"wp-block-heading\">&nbsp;<\/h3>\n\n\n\n<h3 class=\"wp-block-heading\">Informacje na temat procedury<\/h3>\n\n\n\n<p>Ka\u017cdy ma prawo do wyst\u0105pienia z \u017c\u0105daniem zapewnienia dost\u0119pno\u015bci cyfrowej strony internetowej, aplikacji mobilnej lub jakiego\u015b ich elementu. Mo\u017cna tak\u017ce za\u017c\u0105da\u0107 udost\u0119pnienia informacji za pomoc\u0105 alternatywnego sposobu dost\u0119pu, na przyk\u0142ad przez odczytanie niedost\u0119pnego cyfrowo dokumentu, opisanie zawarto\u015bci filmu bez audiodeskrypcji itp.<\/p>\n\n\n\n<p>\u017b\u0105danie powinno zawiera\u0107 dane osoby zg\u0142aszaj\u0105cej \u017c\u0105danie, wskazanie, o kt\u00f3r\u0105 stron\u0119 internetow\u0105 lub aplikacj\u0119 mobiln\u0105 chodzi oraz spos\u00f3b kontaktu. Je\u017celi osoba \u017c\u0105daj\u0105ca zg\u0142asza potrzeb\u0119 otrzymania informacji za pomoc\u0105 alternatywnego sposobu dost\u0119pu, powinna tak\u017ce okre\u015bli\u0107 dogodny dla niej spos\u00f3b przedstawienia tej informacji. Podmiot publiczny powinien zrealizowa\u0107 \u017c\u0105danie niezw\u0142ocznie, nie p\u00f3\u017aniej ni\u017c w ci\u0105gu 7 dni od dnia wyst\u0105pienia z \u017c\u0105daniem.<\/p>\n\n\n\n<p>Je\u017celi dotrzymanie tego terminu nie jest mo\u017cliwe, podmiot publiczny niezw\u0142ocznie informuje o tym wnosz\u0105cego \u017c\u0105danie, kiedy realizacja \u017c\u0105dania b\u0119dzie mo\u017cliwa, przy czym termin ten nie mo\u017ce by\u0107 d\u0142u\u017cszy ni\u017c 2 miesi\u0105ce od dnia wyst\u0105pienia z \u017c\u0105daniem. Je\u017celi zapewnienie dost\u0119pno\u015bci cyfrowej nie jest mo\u017cliwe, podmiot publiczny mo\u017ce zaproponowa\u0107 alternatywny spos\u00f3b dost\u0119pu do informacji.<\/p>\n\n\n\n<p>W przypadku, gdy podmiot publiczny odm\u00f3wi realizacji \u017c\u0105dania zapewnienia dost\u0119pno\u015bci lub alternatywnego sposobu dost\u0119pu do informacji, wnosz\u0105cy \u017c\u0105danie mo\u017cne z\u0142o\u017cy\u0107 skarg\u0119 w sprawie zapewniana dost\u0119pno\u015bci cyfrowej strony internetowej, aplikacji mobilnej lub elementu strony internetowej, lub aplikacji mobilnej. Po wyczerpaniu wskazanej wy\u017cej procedury mo\u017cna tak\u017ce z\u0142o\u017cy\u0107 wniosek do <a href=\"https:\/\/www.rpo.gov.pl\/content\/jak-zglosic-sie-do-rzecznika-praw-obywatelskich\" target=\"_blank\" rel=\"noreferrer noopener\">Rzecznika Praw Obywatelskich.<\/a>.<\/p>\n\n\n\n<p>Nazwa organu odwo\u0142awczego: Dyrektor Szko\u0142y Podstawowej w Turzy<\/p>\n\n\n\n<p>Adres organu odwo\u0142awczego: Turza 2 33-167 Turza<\/p>\n\n\n\n<p>Adres e-mail organu odwo\u0142awczego: <a href=\"mailto:szkola@spturza.edupoczta.pl\">szkola@spturza.edupoczta.pl<\/a><\/p>\n\n\n\n<p>Telefon organu odwo\u0142awczego: +48146531085<\/p>\n\n\n\n<h3 class=\"wp-block-heading\">&nbsp;<\/h3>\n\n\n\n<h3 class=\"wp-block-heading\">Dost\u0119pno\u015b\u0107 architektoniczna<\/h3>\n\n\n\n<ol start=\"1\" class=\"wp-block-list\">\n<li>Do budynku prowadz\u0105 3 wej\u015bcia:\u00a0 g\u0142\u00f3wne od strony p\u00f3\u0142nocnej &#8211; od parkingu i 2 od strony po\u0142udniowej \u2013 od strony basenu.\u00a0 Aby wej\u015b\u0107 do budynku wej\u015bciem g\u0142\u00f3wnym (od strony p\u00f3\u0142nocnej) nale\u017cy pokona\u0107\u00a0 1 stopie\u0144,\u00a0 a nast\u0119pnie 3 stopnie oraz drzwi wej\u015bciowe otwierane r\u0119cznie. 1 wej\u015bcie od strony wschodniej\u00a0 to konieczno\u015b\u0107 pokonania 3 schod\u00f3w oraz drzwi otwieranych r\u0119cznie, natomiast do wej\u015bcia 2 prowadzi podjazd dla os\u00f3b ze szczeg\u00f3lnymi potrzebami oraz drzwi otwierane r\u0119cznie.<\/li>\n\n\n\n<li>Budynek jest dwupoziomowy &#8211; brak jest windy, w korytarzach nie ma wydzielonych stref kontroli.<\/li>\n\n\n\n<li>W budynku nie ma innych pochylni, platform, informacji g\u0142osowych itp.<\/li>\n\n\n\n<li>Szko\u0142a posiada toalet\u0119 dostosowan\u0105 dla potrzeb os\u00f3b niepe\u0142nosprawnych oraz schodo\u0142az, dzi\u0119ki kt\u00f3remu jest mo\u017cliwo\u015b\u0107 przemieszczania si\u0119 os\u00f3b na w\u00f3zkach inwalidzkich na pi\u0119tro.<\/li>\n\n\n\n<li>Szko\u0142a zapewnia mo\u017cliwo\u015b\u0107 bezpo\u015bredniego dojazdu do podjazdu dla os\u00f3b ze szczeg\u00f3lnymi potrzebami, kt\u00f3ry znajduje si\u0119 od strony wschodniej budynku.<\/li>\n\n\n\n<li>Dyrektor jednostki wyra\u017ca zgod\u0119 na wst\u0119p z psem asystuj\u0105cym.<\/li>\n\n\n\n<li>Brak mo\u017cliwo\u015bci skorzystania z t\u0142umacza j\u0119zyka migowego na miejscu lub online. W budynku s\u0105 oznaczenia w alfabecie brajla, brak oznacze\u0144 kontrastowych lub w druku powi\u0119kszonym dla os\u00f3b niewidomych i s\u0142abowidz\u0105cych.<\/li>\n\n\n\n<li>W sekretariacie jest p\u0119tla indukcyjna\u00a0 &#8211; system\u00a0wspomagania s\u0142uchu\u00a0u\u00a0 os\u00f3b\u00a0niedos\u0142ysz\u0105cych\u00a0lub\u00a0nies\u0142ysz\u0105cych.<\/li>\n<\/ol>\n\n\n\n<h3 class=\"wp-block-heading\">&nbsp;<\/h3>\n\n\n\n<h3 class=\"wp-block-heading\">Aplikacje mobilne<\/h3>\n\n\n\n<p>Szko\u0142a nie posiada aplikacji mobilnej.<\/p>\n","protected":false},"excerpt":{"rendered":"<p>Wst\u0119p deklaracji Szko\u0142a Podstawowa w Turzy zobowi\u0105zuje si\u0119 zapewni\u0107 dost\u0119pno\u015b\u0107 swojej strony podmiotowej BIP zgodnie z przepisami ustawy z dnia 4 kwietnia 2019 r. o dost\u0119pno\u015bci cyfrowej stron internetowych i aplikacji mobilnych podmiot\u00f3w publicznych. O\u015bwiadczenie w sprawie dost\u0119pno\u015bci ma zastosowanie do serwisu internetowego http:\/\/ www.spturza.pl\/ Dane teleadresowe jednostki: Szko\u0142a Podstawowa w Turzy Turza 233-167 Turzatelefon: &hellip; <\/p>\n<p><a class=\"more-link btn\" href=\"https:\/\/spturza.pl\/index.php\/deklaracja-dostepnosci-2\/\">Kontynuuj czytanie<\/a><\/p>\n","protected":false},"author":1,"featured_media":0,"parent":0,"menu_order":0,"comment_status":"closed","ping_status":"closed","template":"template-onecolumn.php","meta":{"ngg_post_thumbnail":0,"footnotes":""},"class_list":["post-683","page","type-page","status-publish","hentry","nodate","item-wrap"],"_links":{"self":[{"href":"https:\/\/spturza.pl\/index.php\/wp-json\/wp\/v2\/pages\/683","targetHints":{"allow":["GET"]}}],"collection":[{"href":"https:\/\/spturza.pl\/index.php\/wp-json\/wp\/v2\/pages"}],"about":[{"href":"https:\/\/spturza.pl\/index.php\/wp-json\/wp\/v2\/types\/page"}],"author":[{"embeddable":true,"href":"https:\/\/spturza.pl\/index.php\/wp-json\/wp\/v2\/users\/1"}],"replies":[{"embeddable":true,"href":"https:\/\/spturza.pl\/index.php\/wp-json\/wp\/v2\/comments?post=683"}],"version-history":[{"count":4,"href":"https:\/\/spturza.pl\/index.php\/wp-json\/wp\/v2\/pages\/683\/revisions"}],"predecessor-version":[{"id":4031,"href":"https:\/\/spturza.pl\/index.php\/wp-json\/wp\/v2\/pages\/683\/revisions\/4031"}],"wp:attachment":[{"href":"https:\/\/spturza.pl\/index.php\/wp-json\/wp\/v2\/media?parent=683"}],"curies":[{"name":"wp","href":"https:\/\/api.w.org\/{rel}","templated":true}]}}