{"id":5312,"date":"2026-02-07T17:20:47","date_gmt":"2026-02-07T16:20:47","guid":{"rendered":"https:\/\/spturza.pl\/?page_id=5312"},"modified":"2026-02-07T17:20:47","modified_gmt":"2026-02-07T16:20:47","slug":"zalacznik-nr-8-oswiadczenie-potwierdzajace-kwalifikowalnosc-uczestnika-projektu-nauczyciel-b","status":"publish","type":"page","link":"https:\/\/spturza.pl\/index.php\/zalacznik-nr-8-oswiadczenie-potwierdzajace-kwalifikowalnosc-uczestnika-projektu-nauczyciel-b\/","title":{"rendered":"ZA\u0141\u0104CZNIK NR 8 O\u015aWIADCZENIE POTWIERDZAJ\u0104CE KWALIFIKOWALNO\u015a\u0106 UCZESTNIKA PROJEKTU &#8211; NAUCZYCIEL (B)"},"content":{"rendered":"\n<div data-wp-interactive=\"core\/file\" class=\"wp-block-file\"><object data-wp-bind--hidden=\"!state.hasPdfPreview\" hidden class=\"wp-block-file__embed\" data=\"https:\/\/spturza.pl\/wp-content\/uploads\/2026\/02\/ZALACZNIK-NR-8-OSWIADCZENIE-POTWIERDZAJACE-KWALIFIKOWALNOSC-UCZESTNIKA-PROJEKTU-NAUCZYCIEL.pdf\" type=\"application\/pdf\" style=\"width:100%;height:600px\" aria-label=\"Osadzone z ZA\u0141\u0104CZNIK NR 8 O\u015aWIADCZENIE POTWIERDZAJ\u0104CE KWALIFIKOWALNO\u015a\u0106 UCZESTNIKA PROJEKTU - NAUCZYCIEL.\"><\/object><a id=\"wp-block-file--media-c222d1ce-b004-4942-8f55-d65333210c37\" href=\"https:\/\/spturza.pl\/wp-content\/uploads\/2026\/02\/ZALACZNIK-NR-8-OSWIADCZENIE-POTWIERDZAJACE-KWALIFIKOWALNOSC-UCZESTNIKA-PROJEKTU-NAUCZYCIEL.pdf\">ZA\u0141\u0104CZNIK NR 8 O\u015aWIADCZENIE POTWIERDZAJ\u0104CE KWALIFIKOWALNO\u015a\u0106 UCZESTNIKA PROJEKTU &#8211; NAUCZYCIEL<\/a><a href=\"https:\/\/spturza.pl\/wp-content\/uploads\/2026\/02\/ZALACZNIK-NR-8-OSWIADCZENIE-POTWIERDZAJACE-KWALIFIKOWALNOSC-UCZESTNIKA-PROJEKTU-NAUCZYCIEL.pdf\" class=\"wp-block-file__button wp-element-button\" download aria-describedby=\"wp-block-file--media-c222d1ce-b004-4942-8f55-d65333210c37\">Pobierz<\/a><\/div>\n","protected":false},"excerpt":{"rendered":"","protected":false},"author":4,"featured_media":0,"parent":0,"menu_order":0,"comment_status":"closed","ping_status":"closed","template":"","meta":{"ngg_post_thumbnail":0,"footnotes":""},"class_list":["post-5312","page","type-page","status-publish","hentry","nodate","item-wrap"],"_links":{"self":[{"href":"https:\/\/spturza.pl\/index.php\/wp-json\/wp\/v2\/pages\/5312","targetHints":{"allow":["GET"]}}],"collection":[{"href":"https:\/\/spturza.pl\/index.php\/wp-json\/wp\/v2\/pages"}],"about":[{"href":"https:\/\/spturza.pl\/index.php\/wp-json\/wp\/v2\/types\/page"}],"author":[{"embeddable":true,"href":"https:\/\/spturza.pl\/index.php\/wp-json\/wp\/v2\/users\/4"}],"replies":[{"embeddable":true,"href":"https:\/\/spturza.pl\/index.php\/wp-json\/wp\/v2\/comments?post=5312"}],"version-history":[{"count":1,"href":"https:\/\/spturza.pl\/index.php\/wp-json\/wp\/v2\/pages\/5312\/revisions"}],"predecessor-version":[{"id":5314,"href":"https:\/\/spturza.pl\/index.php\/wp-json\/wp\/v2\/pages\/5312\/revisions\/5314"}],"wp:attachment":[{"href":"https:\/\/spturza.pl\/index.php\/wp-json\/wp\/v2\/media?parent=5312"}],"curies":[{"name":"wp","href":"https:\/\/api.w.org\/{rel}","templated":true}]}}