{"id":5292,"date":"2026-02-07T17:13:21","date_gmt":"2026-02-07T16:13:21","guid":{"rendered":"https:\/\/spturza.pl\/?page_id=5292"},"modified":"2026-02-07T17:13:22","modified_gmt":"2026-02-07T16:13:22","slug":"zalacznik-nr-3-oswiadczenie-uczestnika-projektu-b","status":"publish","type":"page","link":"https:\/\/spturza.pl\/index.php\/zalacznik-nr-3-oswiadczenie-uczestnika-projektu-b\/","title":{"rendered":"ZA\u0141ACZNIK NR 3 O\u015aWIADCZENIE UCZESTNIKA PROJEKTU (B)"},"content":{"rendered":"\n<div data-wp-interactive=\"core\/file\" class=\"wp-block-file\"><object data-wp-bind--hidden=\"!state.hasPdfPreview\" hidden class=\"wp-block-file__embed\" data=\"https:\/\/spturza.pl\/wp-content\/uploads\/2026\/02\/ZALACZNIK-NR-3-OSWIADCZENIE-UCZESTNIKA-PROJEKTU.pdf\" type=\"application\/pdf\" style=\"width:100%;height:600px\" aria-label=\"Osadzone z ZA\u0141\u0104CZNIK NR 3 O\u015aWIADCZENIE UCZESTNIKA PROJEKTU.\"><\/object><a id=\"wp-block-file--media-435ef209-de8f-4519-833f-c10a85771a19\" href=\"https:\/\/spturza.pl\/wp-content\/uploads\/2026\/02\/ZALACZNIK-NR-3-OSWIADCZENIE-UCZESTNIKA-PROJEKTU.pdf\">ZA\u0141\u0104CZNIK NR 3 O\u015aWIADCZENIE UCZESTNIKA PROJEKTU<\/a><a href=\"https:\/\/spturza.pl\/wp-content\/uploads\/2026\/02\/ZALACZNIK-NR-3-OSWIADCZENIE-UCZESTNIKA-PROJEKTU.pdf\" class=\"wp-block-file__button wp-element-button\" download aria-describedby=\"wp-block-file--media-435ef209-de8f-4519-833f-c10a85771a19\">Pobierz<\/a><\/div>\n","protected":false},"excerpt":{"rendered":"","protected":false},"author":4,"featured_media":0,"parent":0,"menu_order":0,"comment_status":"closed","ping_status":"closed","template":"","meta":{"ngg_post_thumbnail":0,"footnotes":""},"class_list":["post-5292","page","type-page","status-publish","hentry","nodate","item-wrap"],"_links":{"self":[{"href":"https:\/\/spturza.pl\/index.php\/wp-json\/wp\/v2\/pages\/5292","targetHints":{"allow":["GET"]}}],"collection":[{"href":"https:\/\/spturza.pl\/index.php\/wp-json\/wp\/v2\/pages"}],"about":[{"href":"https:\/\/spturza.pl\/index.php\/wp-json\/wp\/v2\/types\/page"}],"author":[{"embeddable":true,"href":"https:\/\/spturza.pl\/index.php\/wp-json\/wp\/v2\/users\/4"}],"replies":[{"embeddable":true,"href":"https:\/\/spturza.pl\/index.php\/wp-json\/wp\/v2\/comments?post=5292"}],"version-history":[{"count":1,"href":"https:\/\/spturza.pl\/index.php\/wp-json\/wp\/v2\/pages\/5292\/revisions"}],"predecessor-version":[{"id":5294,"href":"https:\/\/spturza.pl\/index.php\/wp-json\/wp\/v2\/pages\/5292\/revisions\/5294"}],"wp:attachment":[{"href":"https:\/\/spturza.pl\/index.php\/wp-json\/wp\/v2\/media?parent=5292"}],"curies":[{"name":"wp","href":"https:\/\/api.w.org\/{rel}","templated":true}]}}