{"id":5283,"date":"2026-02-07T17:08:08","date_gmt":"2026-02-07T16:08:08","guid":{"rendered":"https:\/\/spturza.pl\/?page_id=5283"},"modified":"2026-02-07T17:08:09","modified_gmt":"2026-02-07T16:08:09","slug":"zalacznik-nr-1-kwestionariusz-zgloszeniowy-dziecko-b","status":"publish","type":"page","link":"https:\/\/spturza.pl\/index.php\/zalacznik-nr-1-kwestionariusz-zgloszeniowy-dziecko-b\/","title":{"rendered":"ZA\u0141\u0104CZNIK NR 1 KWESTIONARIUSZ ZG\u0141OSZENIOWY &#8211; DZIECKO (B)"},"content":{"rendered":"\n<div data-wp-interactive=\"core\/file\" class=\"wp-block-file\"><object data-wp-bind--hidden=\"!state.hasPdfPreview\" hidden class=\"wp-block-file__embed\" data=\"https:\/\/spturza.pl\/wp-content\/uploads\/2026\/02\/ZALACZNIK-NR-1-KWESTIONARIUSZ-ZGLOSZENIOWY-DZIECKO.pdf\" type=\"application\/pdf\" style=\"width:100%;height:600px\" aria-label=\"Osadzone z ZA\u0141\u0104CZNIK NR 1 KWESTIONARIUSZ ZG\u0141OSZENIOWY DZIECKO.\"><\/object><a id=\"wp-block-file--media-3f1b39e8-aa36-406c-86d9-ddecddc6f971\" href=\"https:\/\/spturza.pl\/wp-content\/uploads\/2026\/02\/ZALACZNIK-NR-1-KWESTIONARIUSZ-ZGLOSZENIOWY-DZIECKO.pdf\">ZA\u0141\u0104CZNIK NR 1 KWESTIONARIUSZ ZG\u0141OSZENIOWY DZIECKO<\/a><a href=\"https:\/\/spturza.pl\/wp-content\/uploads\/2026\/02\/ZALACZNIK-NR-1-KWESTIONARIUSZ-ZGLOSZENIOWY-DZIECKO.pdf\" class=\"wp-block-file__button wp-element-button\" download aria-describedby=\"wp-block-file--media-3f1b39e8-aa36-406c-86d9-ddecddc6f971\">Pobierz<\/a><\/div>\n","protected":false},"excerpt":{"rendered":"","protected":false},"author":4,"featured_media":0,"parent":0,"menu_order":0,"comment_status":"closed","ping_status":"closed","template":"","meta":{"ngg_post_thumbnail":0,"footnotes":""},"class_list":["post-5283","page","type-page","status-publish","hentry","nodate","item-wrap"],"_links":{"self":[{"href":"https:\/\/spturza.pl\/index.php\/wp-json\/wp\/v2\/pages\/5283","targetHints":{"allow":["GET"]}}],"collection":[{"href":"https:\/\/spturza.pl\/index.php\/wp-json\/wp\/v2\/pages"}],"about":[{"href":"https:\/\/spturza.pl\/index.php\/wp-json\/wp\/v2\/types\/page"}],"author":[{"embeddable":true,"href":"https:\/\/spturza.pl\/index.php\/wp-json\/wp\/v2\/users\/4"}],"replies":[{"embeddable":true,"href":"https:\/\/spturza.pl\/index.php\/wp-json\/wp\/v2\/comments?post=5283"}],"version-history":[{"count":1,"href":"https:\/\/spturza.pl\/index.php\/wp-json\/wp\/v2\/pages\/5283\/revisions"}],"predecessor-version":[{"id":5285,"href":"https:\/\/spturza.pl\/index.php\/wp-json\/wp\/v2\/pages\/5283\/revisions\/5285"}],"wp:attachment":[{"href":"https:\/\/spturza.pl\/index.php\/wp-json\/wp\/v2\/media?parent=5283"}],"curies":[{"name":"wp","href":"https:\/\/api.w.org\/{rel}","templated":true}]}}