{"id":5272,"date":"2025-10-25T16:42:00","date_gmt":"2025-10-25T14:42:00","guid":{"rendered":"https:\/\/spturza.pl\/?page_id=5272"},"modified":"2026-03-06T18:06:32","modified_gmt":"2026-03-06T17:06:32","slug":"lista-rankingowa-uczniowie","status":"publish","type":"page","link":"https:\/\/spturza.pl\/index.php\/lista-rankingowa-uczniowie\/","title":{"rendered":"LISTY RANKINGOWE UCZNIOWIE (A)"},"content":{"rendered":"\n<ol class=\"wp-block-list\">\n<li>Zaj\u0119cia korekcyjno-kompensacyjne<\/li>\n<\/ol>\n\n\n\n<p><strong>GR: KK I<\/strong><\/p>\n\n\n\n<div data-wp-interactive=\"core\/file\" class=\"wp-block-file\"><object data-wp-bind--hidden=\"!state.hasPdfPreview\" hidden class=\"wp-block-file__embed\" data=\"https:\/\/spturza.pl\/wp-content\/uploads\/2026\/03\/LR-GR-KK-I.pdf\" type=\"application\/pdf\" style=\"width:100%;height:600px\" aria-label=\"Osadzone z LR GR KK I.\"><\/object><a id=\"wp-block-file--media-296a7cfa-5eb7-4233-b4dc-9957665771aa\" href=\"https:\/\/spturza.pl\/wp-content\/uploads\/2026\/03\/LR-GR-KK-I.pdf\">LR GR KK I<\/a><a href=\"https:\/\/spturza.pl\/wp-content\/uploads\/2026\/03\/LR-GR-KK-I.pdf\" class=\"wp-block-file__button wp-element-button\" download aria-describedby=\"wp-block-file--media-296a7cfa-5eb7-4233-b4dc-9957665771aa\">Pobierz<\/a><\/div>\n\n\n\n<p>2. Zaj\u0119cia korekcyjno-kompensacyjne<\/p>\n\n\n\n<p><strong>GR: KK II<\/strong><\/p>\n\n\n\n<div data-wp-interactive=\"core\/file\" class=\"wp-block-file\"><object data-wp-bind--hidden=\"!state.hasPdfPreview\" hidden class=\"wp-block-file__embed\" data=\"https:\/\/spturza.pl\/wp-content\/uploads\/2026\/03\/LR-GR-KK-II.pdf\" type=\"application\/pdf\" style=\"width:100%;height:600px\" aria-label=\"Osadzone z LR GR KK II.\"><\/object><a id=\"wp-block-file--media-08a8eae4-ecc9-4e4f-bd9f-4a8567c2bb24\" href=\"https:\/\/spturza.pl\/wp-content\/uploads\/2026\/03\/LR-GR-KK-II.pdf\">LR GR KK II<\/a><a href=\"https:\/\/spturza.pl\/wp-content\/uploads\/2026\/03\/LR-GR-KK-II.pdf\" class=\"wp-block-file__button wp-element-button\" download aria-describedby=\"wp-block-file--media-08a8eae4-ecc9-4e4f-bd9f-4a8567c2bb24\">Pobierz<\/a><\/div>\n\n\n\n<p>3. Zaj\u0119cia logopedyczne indywidualne<\/p>\n\n\n\n<p><strong>GR:ZL I\/II<\/strong><\/p>\n\n\n\n<div data-wp-interactive=\"core\/file\" class=\"wp-block-file\"><object data-wp-bind--hidden=\"!state.hasPdfPreview\" hidden class=\"wp-block-file__embed\" data=\"https:\/\/spturza.pl\/wp-content\/uploads\/2026\/03\/LR-GR-ZL-I_II.pdf\" type=\"application\/pdf\" style=\"width:100%;height:600px\" aria-label=\"Osadzone z LR GR ZL I_II.\"><\/object><a id=\"wp-block-file--media-c01ba8df-9580-4899-be98-840db6aee2bf\" href=\"https:\/\/spturza.pl\/wp-content\/uploads\/2026\/03\/LR-GR-ZL-I_II.pdf\">LR GR ZL I_II<\/a><a href=\"https:\/\/spturza.pl\/wp-content\/uploads\/2026\/03\/LR-GR-ZL-I_II.pdf\" class=\"wp-block-file__button wp-element-button\" download aria-describedby=\"wp-block-file--media-c01ba8df-9580-4899-be98-840db6aee2bf\">Pobierz<\/a><\/div>\n\n\n\n<p>4. Zaj\u0119cia logopedyczne indywidualne<\/p>\n\n\n\n<p><strong>GR:ZL II\/II<\/strong><\/p>\n\n\n\n<div data-wp-interactive=\"core\/file\" class=\"wp-block-file\"><object data-wp-bind--hidden=\"!state.hasPdfPreview\" hidden class=\"wp-block-file__embed\" data=\"https:\/\/spturza.pl\/wp-content\/uploads\/2026\/03\/LR-GR-ZL-II_II.pdf\" type=\"application\/pdf\" style=\"width:100%;height:600px\" aria-label=\"Osadzone z LR GR ZL II_II.\"><\/object><a id=\"wp-block-file--media-bd59f237-f6d4-4a6e-8c7d-b9cd2880b9ec\" href=\"https:\/\/spturza.pl\/wp-content\/uploads\/2026\/03\/LR-GR-ZL-II_II.pdf\">LR GR ZL II_II<\/a><a href=\"https:\/\/spturza.pl\/wp-content\/uploads\/2026\/03\/LR-GR-ZL-II_II.pdf\" class=\"wp-block-file__button wp-element-button\" download aria-describedby=\"wp-block-file--media-bd59f237-f6d4-4a6e-8c7d-b9cd2880b9ec\">Pobierz<\/a><\/div>\n\n\n\n<p>5. Zaj\u0119cia rewalidacyjne<\/p>\n\n\n\n<p><strong>GR: ZR II<\/strong><\/p>\n\n\n\n<div data-wp-interactive=\"core\/file\" class=\"wp-block-file\"><object data-wp-bind--hidden=\"!state.hasPdfPreview\" hidden class=\"wp-block-file__embed\" data=\"https:\/\/spturza.pl\/wp-content\/uploads\/2026\/03\/LR-GR-ZR-II.pdf\" type=\"application\/pdf\" style=\"width:100%;height:600px\" aria-label=\"Osadzone z LR GR ZR II.\"><\/object><a id=\"wp-block-file--media-5df5a436-308c-4033-bcf8-55a6a320f562\" href=\"https:\/\/spturza.pl\/wp-content\/uploads\/2026\/03\/LR-GR-ZR-II.pdf\">LR GR ZR II<\/a><a href=\"https:\/\/spturza.pl\/wp-content\/uploads\/2026\/03\/LR-GR-ZR-II.pdf\" class=\"wp-block-file__button wp-element-button\" download aria-describedby=\"wp-block-file--media-5df5a436-308c-4033-bcf8-55a6a320f562\">Pobierz<\/a><\/div>\n\n\n\n<p>6. Zaj\u0119cia rozwijaj\u0105ce kompetencje emocjonalno-spo\u0142eczne<\/p>\n\n\n\n<p><strong>GR: KES  I-III<\/strong><\/p>\n\n\n\n<div data-wp-interactive=\"core\/file\" class=\"wp-block-file\"><object data-wp-bind--hidden=\"!state.hasPdfPreview\" hidden class=\"wp-block-file__embed\" data=\"https:\/\/spturza.pl\/wp-content\/uploads\/2026\/03\/LR-GR-KES-I_III.pdf\" type=\"application\/pdf\" style=\"width:100%;height:600px\" aria-label=\"Osadzone z LR GR KES I_III.\"><\/object><a id=\"wp-block-file--media-a940f98c-a3a0-4222-acf0-04d4ea818577\" href=\"https:\/\/spturza.pl\/wp-content\/uploads\/2026\/03\/LR-GR-KES-I_III.pdf\">LR GR KES I_III<\/a><a href=\"https:\/\/spturza.pl\/wp-content\/uploads\/2026\/03\/LR-GR-KES-I_III.pdf\" class=\"wp-block-file__button wp-element-button\" download aria-describedby=\"wp-block-file--media-a940f98c-a3a0-4222-acf0-04d4ea818577\">Pobierz<\/a><\/div>\n\n\n\n<p>7. Zaj\u0119cia rozwijaj\u0105ce kompetencje emocjonalno-spo\u0142eczne<\/p>\n\n\n\n<p><strong>GR: KES IV-V<\/strong><\/p>\n\n\n\n<div data-wp-interactive=\"core\/file\" class=\"wp-block-file\"><object data-wp-bind--hidden=\"!state.hasPdfPreview\" hidden class=\"wp-block-file__embed\" data=\"https:\/\/spturza.pl\/wp-content\/uploads\/2026\/03\/LR-GR-KES-IV_V.pdf\" type=\"application\/pdf\" style=\"width:100%;height:600px\" aria-label=\"Osadzone z LR GR KES IV_V.\"><\/object><a id=\"wp-block-file--media-a91ed96b-4f73-437f-ba8d-9e06882a746d\" href=\"https:\/\/spturza.pl\/wp-content\/uploads\/2026\/03\/LR-GR-KES-IV_V.pdf\">LR GR KES IV_V<\/a><a href=\"https:\/\/spturza.pl\/wp-content\/uploads\/2026\/03\/LR-GR-KES-IV_V.pdf\" class=\"wp-block-file__button wp-element-button\" download aria-describedby=\"wp-block-file--media-a91ed96b-4f73-437f-ba8d-9e06882a746d\">Pobierz<\/a><\/div>\n\n\n\n<p>8. Zaj\u0119cia przyrodnicze<\/p>\n\n\n\n<p><strong>GR: ZP II-III<\/strong><\/p>\n\n\n\n<div data-wp-interactive=\"core\/file\" class=\"wp-block-file\"><object data-wp-bind--hidden=\"!state.hasPdfPreview\" hidden class=\"wp-block-file__embed\" data=\"https:\/\/spturza.pl\/wp-content\/uploads\/2026\/03\/LR-GR-ZP-II_III.pdf\" type=\"application\/pdf\" style=\"width:100%;height:600px\" aria-label=\"Osadzone z LR GR ZP II_III.\"><\/object><a id=\"wp-block-file--media-9806e4a1-417f-4e87-a13b-3c7c68963710\" href=\"https:\/\/spturza.pl\/wp-content\/uploads\/2026\/03\/LR-GR-ZP-II_III.pdf\">LR GR ZP II_III<\/a><a href=\"https:\/\/spturza.pl\/wp-content\/uploads\/2026\/03\/LR-GR-ZP-II_III.pdf\" class=\"wp-block-file__button wp-element-button\" download aria-describedby=\"wp-block-file--media-9806e4a1-417f-4e87-a13b-3c7c68963710\">Pobierz<\/a><\/div>\n\n\n\n<p>9. Zaj\u0119cia dydaktyczno-wyr\u00f3wnawcze z matematyki<\/p>\n\n\n\n<p><strong>GR: WM VII<\/strong><\/p>\n\n\n\n<div data-wp-interactive=\"core\/file\" class=\"wp-block-file\"><object data-wp-bind--hidden=\"!state.hasPdfPreview\" hidden class=\"wp-block-file__embed\" data=\"https:\/\/spturza.pl\/wp-content\/uploads\/2026\/03\/LR-GR-WM-VII.pdf\" type=\"application\/pdf\" style=\"width:100%;height:600px\" aria-label=\"Osadzone z LR GR WM VII.\"><\/object><a id=\"wp-block-file--media-d92a9fa4-f096-4bd4-a2bd-f23ae1a9557e\" href=\"https:\/\/spturza.pl\/wp-content\/uploads\/2026\/03\/LR-GR-WM-VII.pdf\">LR GR WM VII<\/a><a href=\"https:\/\/spturza.pl\/wp-content\/uploads\/2026\/03\/LR-GR-WM-VII.pdf\" class=\"wp-block-file__button wp-element-button\" download aria-describedby=\"wp-block-file--media-d92a9fa4-f096-4bd4-a2bd-f23ae1a9557e\">Pobierz<\/a><\/div>\n\n\n\n<p>10. Zaj\u0119cia dydaktyczno-wyr\u00f3wnawcze z matematyki<\/p>\n\n\n\n<p><strong>GR: WM VIII<\/strong><\/p>\n\n\n\n<div data-wp-interactive=\"core\/file\" class=\"wp-block-file\"><object data-wp-bind--hidden=\"!state.hasPdfPreview\" hidden class=\"wp-block-file__embed\" data=\"https:\/\/spturza.pl\/wp-content\/uploads\/2026\/03\/LR-GR-WM-VIII.pdf\" type=\"application\/pdf\" style=\"width:100%;height:600px\" aria-label=\"Osadzone z LR GR WM VIII.\"><\/object><a id=\"wp-block-file--media-6cca3334-b7e7-412b-acb4-03e89a2cbaa2\" href=\"https:\/\/spturza.pl\/wp-content\/uploads\/2026\/03\/LR-GR-WM-VIII.pdf\">LR GR WM VIII<\/a><a href=\"https:\/\/spturza.pl\/wp-content\/uploads\/2026\/03\/LR-GR-WM-VIII.pdf\" class=\"wp-block-file__button wp-element-button\" download aria-describedby=\"wp-block-file--media-6cca3334-b7e7-412b-acb4-03e89a2cbaa2\">Pobierz<\/a><\/div>\n\n\n\n<p>11. Zaj\u0119cia dydaktyczno-wyr\u00f3wnawcze z j\u0119zyka angielskiego<\/p>\n\n\n\n<p><strong>GR: WJA IV<\/strong><\/p>\n\n\n\n<div data-wp-interactive=\"core\/file\" class=\"wp-block-file\"><object data-wp-bind--hidden=\"!state.hasPdfPreview\" hidden class=\"wp-block-file__embed\" data=\"https:\/\/spturza.pl\/wp-content\/uploads\/2026\/03\/LR-GR-WJA-IV.pdf\" type=\"application\/pdf\" style=\"width:100%;height:600px\" aria-label=\"Osadzone z LR GR WJA IV.\"><\/object><a id=\"wp-block-file--media-a1a9e57a-fe6b-4b53-8e57-de09e51c5e0e\" href=\"https:\/\/spturza.pl\/wp-content\/uploads\/2026\/03\/LR-GR-WJA-IV.pdf\">LR GR WJA IV<\/a><a href=\"https:\/\/spturza.pl\/wp-content\/uploads\/2026\/03\/LR-GR-WJA-IV.pdf\" class=\"wp-block-file__button wp-element-button\" download aria-describedby=\"wp-block-file--media-a1a9e57a-fe6b-4b53-8e57-de09e51c5e0e\">Pobierz<\/a><\/div>\n\n\n\n<p>12. Zaj\u0119cia dydaktyczno-wyr\u00f3wnawcze z j\u0119zyka angielskiego<\/p>\n\n\n\n<p><strong>GR: WJA VI<\/strong><\/p>\n\n\n\n<div data-wp-interactive=\"core\/file\" class=\"wp-block-file\"><object data-wp-bind--hidden=\"!state.hasPdfPreview\" hidden class=\"wp-block-file__embed\" data=\"https:\/\/spturza.pl\/wp-content\/uploads\/2026\/03\/LR-GR-WJA-VI.pdf\" type=\"application\/pdf\" style=\"width:100%;height:600px\" aria-label=\"Osadzone z LR GR WJA VI.\"><\/object><a id=\"wp-block-file--media-3768a2a3-fda9-44d6-9d8f-64cb5e66cf9a\" href=\"https:\/\/spturza.pl\/wp-content\/uploads\/2026\/03\/LR-GR-WJA-VI.pdf\">LR GR WJA VI<\/a><a href=\"https:\/\/spturza.pl\/wp-content\/uploads\/2026\/03\/LR-GR-WJA-VI.pdf\" class=\"wp-block-file__button wp-element-button\" download aria-describedby=\"wp-block-file--media-3768a2a3-fda9-44d6-9d8f-64cb5e66cf9a\">Pobierz<\/a><\/div>\n\n\n\n<p>13. Zaj\u0119cia dydaktyczno-wyr\u00f3wnawcze z j\u0119zyka angielskiego<\/p>\n\n\n\n<p><strong>GR: WJA VII<\/strong><\/p>\n\n\n\n<div data-wp-interactive=\"core\/file\" class=\"wp-block-file\"><object data-wp-bind--hidden=\"!state.hasPdfPreview\" hidden class=\"wp-block-file__embed\" data=\"https:\/\/spturza.pl\/wp-content\/uploads\/2026\/03\/LR-GR-WJA-VII.pdf\" type=\"application\/pdf\" style=\"width:100%;height:600px\" aria-label=\"Osadzone z LR GR WJA VII.\"><\/object><a id=\"wp-block-file--media-a76124c6-6f2e-41ac-b276-221c215d6bfc\" href=\"https:\/\/spturza.pl\/wp-content\/uploads\/2026\/03\/LR-GR-WJA-VII.pdf\">LR GR WJA VII<\/a><a href=\"https:\/\/spturza.pl\/wp-content\/uploads\/2026\/03\/LR-GR-WJA-VII.pdf\" class=\"wp-block-file__button wp-element-button\" download aria-describedby=\"wp-block-file--media-a76124c6-6f2e-41ac-b276-221c215d6bfc\">Pobierz<\/a><\/div>\n\n\n\n<p>14. Zaj\u0119cia socjoterapeutyczne<\/p>\n\n\n\n<p><strong>GR: ZS<\/strong><\/p>\n\n\n\n<div data-wp-interactive=\"core\/file\" class=\"wp-block-file\"><object data-wp-bind--hidden=\"!state.hasPdfPreview\" hidden class=\"wp-block-file__embed\" data=\"https:\/\/spturza.pl\/wp-content\/uploads\/2026\/03\/LR-GR-ZS.pdf\" type=\"application\/pdf\" style=\"width:100%;height:600px\" aria-label=\"Osadzone z LR GR ZS.\"><\/object><a id=\"wp-block-file--media-80bf74b5-292e-40f3-bfb7-2abdec41757b\" href=\"https:\/\/spturza.pl\/wp-content\/uploads\/2026\/03\/LR-GR-ZS.pdf\">LR GR ZS<\/a><a href=\"https:\/\/spturza.pl\/wp-content\/uploads\/2026\/03\/LR-GR-ZS.pdf\" class=\"wp-block-file__button wp-element-button\" download aria-describedby=\"wp-block-file--media-80bf74b5-292e-40f3-bfb7-2abdec41757b\">Pobierz<\/a><\/div>\n\n\n\n<p>15. Zaj\u0119cia przeciwdzia\u0142ania dyskryminacji<\/p>\n\n\n\n<p><strong>GR: ZPD IV<\/strong><\/p>\n\n\n\n<div data-wp-interactive=\"core\/file\" class=\"wp-block-file\"><object data-wp-bind--hidden=\"!state.hasPdfPreview\" hidden class=\"wp-block-file__embed\" data=\"https:\/\/spturza.pl\/wp-content\/uploads\/2026\/03\/LR-GR-ZPD-IV.pdf\" type=\"application\/pdf\" style=\"width:100%;height:600px\" aria-label=\"Osadzone z LR GR ZPD IV.\"><\/object><a id=\"wp-block-file--media-d2afd208-d009-497b-9cfa-c9f0eaa8e756\" href=\"https:\/\/spturza.pl\/wp-content\/uploads\/2026\/03\/LR-GR-ZPD-IV.pdf\">LR GR ZPD IV<\/a><a href=\"https:\/\/spturza.pl\/wp-content\/uploads\/2026\/03\/LR-GR-ZPD-IV.pdf\" class=\"wp-block-file__button wp-element-button\" download aria-describedby=\"wp-block-file--media-d2afd208-d009-497b-9cfa-c9f0eaa8e756\">Pobierz<\/a><\/div>\n\n\n\n<p>16. Zaj\u0119cia przeciwdzia\u0142ania dyskryminacji<\/p>\n\n\n\n<p><strong>GR: ZPD V-VI<\/strong><\/p>\n\n\n\n<div data-wp-interactive=\"core\/file\" class=\"wp-block-file\"><object data-wp-bind--hidden=\"!state.hasPdfPreview\" hidden class=\"wp-block-file__embed\" data=\"https:\/\/spturza.pl\/wp-content\/uploads\/2026\/03\/LR-GR-ZPD-V_VI.pdf\" type=\"application\/pdf\" style=\"width:100%;height:600px\" aria-label=\"Osadzone z LR GR ZPD V_VI.\"><\/object><a id=\"wp-block-file--media-1fc95796-bbc6-485a-8433-5d1ac75043c7\" href=\"https:\/\/spturza.pl\/wp-content\/uploads\/2026\/03\/LR-GR-ZPD-V_VI.pdf\">LR GR ZPD V_VI<\/a><a href=\"https:\/\/spturza.pl\/wp-content\/uploads\/2026\/03\/LR-GR-ZPD-V_VI.pdf\" class=\"wp-block-file__button wp-element-button\" download aria-describedby=\"wp-block-file--media-1fc95796-bbc6-485a-8433-5d1ac75043c7\">Pobierz<\/a><\/div>\n\n\n\n<ol class=\"wp-block-list\">\n<li><\/li>\n<\/ol>\n","protected":false},"excerpt":{"rendered":"<p>GR: KK I 2. Zaj\u0119cia korekcyjno-kompensacyjne GR: KK II 3. Zaj\u0119cia logopedyczne indywidualne GR:ZL I\/II 4. Zaj\u0119cia logopedyczne indywidualne GR:ZL II\/II 5. Zaj\u0119cia rewalidacyjne GR: ZR II 6. Zaj\u0119cia rozwijaj\u0105ce kompetencje emocjonalno-spo\u0142eczne GR: KES I-III 7. Zaj\u0119cia rozwijaj\u0105ce kompetencje emocjonalno-spo\u0142eczne GR: KES IV-V 8. Zaj\u0119cia przyrodnicze GR: ZP II-III 9. Zaj\u0119cia dydaktyczno-wyr\u00f3wnawcze z matematyki GR: &hellip; <\/p>\n<p><a class=\"more-link btn\" href=\"https:\/\/spturza.pl\/index.php\/lista-rankingowa-uczniowie\/\">Kontynuuj czytanie<\/a><\/p>\n","protected":false},"author":4,"featured_media":0,"parent":0,"menu_order":0,"comment_status":"closed","ping_status":"closed","template":"","meta":{"ngg_post_thumbnail":0,"footnotes":""},"class_list":["post-5272","page","type-page","status-publish","hentry","nodate","item-wrap"],"_links":{"self":[{"href":"https:\/\/spturza.pl\/index.php\/wp-json\/wp\/v2\/pages\/5272","targetHints":{"allow":["GET"]}}],"collection":[{"href":"https:\/\/spturza.pl\/index.php\/wp-json\/wp\/v2\/pages"}],"about":[{"href":"https:\/\/spturza.pl\/index.php\/wp-json\/wp\/v2\/types\/page"}],"author":[{"embeddable":true,"href":"https:\/\/spturza.pl\/index.php\/wp-json\/wp\/v2\/users\/4"}],"replies":[{"embeddable":true,"href":"https:\/\/spturza.pl\/index.php\/wp-json\/wp\/v2\/comments?post=5272"}],"version-history":[{"count":4,"href":"https:\/\/spturza.pl\/index.php\/wp-json\/wp\/v2\/pages\/5272\/revisions"}],"predecessor-version":[{"id":5477,"href":"https:\/\/spturza.pl\/index.php\/wp-json\/wp\/v2\/pages\/5272\/revisions\/5477"}],"wp:attachment":[{"href":"https:\/\/spturza.pl\/index.php\/wp-json\/wp\/v2\/media?parent=5272"}],"curies":[{"name":"wp","href":"https:\/\/api.w.org\/{rel}","templated":true}]}}