{"id":4846,"date":"2025-10-27T15:05:33","date_gmt":"2025-10-27T14:05:33","guid":{"rendered":"https:\/\/spturza.pl\/?page_id=4846"},"modified":"2025-10-27T15:05:33","modified_gmt":"2025-10-27T14:05:33","slug":"co-robia-twoje-dzieci-w-sieci","status":"publish","type":"page","link":"https:\/\/spturza.pl\/index.php\/co-robia-twoje-dzieci-w-sieci\/","title":{"rendered":"Co robi\u0105 Twoje dzieci w sieci?"},"content":{"rendered":"\n<p>Serdecznie zapraszamy do zapoznania si\u0119 z poradnikiem dla rodzic\u00f3w pt. &#8220;Co robi\u0105 Twoje dzieci w sieci?&#8221;<\/p>\n\n\n\n<div data-wp-interactive=\"core\/file\" class=\"wp-block-file\"><object data-wp-bind--hidden=\"!state.hasPdfPreview\" hidden class=\"wp-block-file__embed\" data=\"https:\/\/spturza.pl\/wp-content\/uploads\/2025\/10\/CO-ROBIA-TWOJE-DZIECI-W-SIECI-PORADNIK-DLA-RODZICOW.pdf\" type=\"application\/pdf\" style=\"width:100%;height:600px\" aria-label=\"Osadzone z CO ROBI\u0104 TWOJE DZIECI W SIECI - PORADNIK DLA RODZIC\u00d3W.\"><\/object><a id=\"wp-block-file--media-88497ddf-62b5-4b4d-b34b-a861b95cfe21\" href=\"https:\/\/spturza.pl\/wp-content\/uploads\/2025\/10\/CO-ROBIA-TWOJE-DZIECI-W-SIECI-PORADNIK-DLA-RODZICOW.pdf\">CO ROBI\u0104 TWOJE DZIECI W SIECI &#8211; PORADNIK DLA RODZIC\u00d3W<\/a><a href=\"https:\/\/spturza.pl\/wp-content\/uploads\/2025\/10\/CO-ROBIA-TWOJE-DZIECI-W-SIECI-PORADNIK-DLA-RODZICOW.pdf\" class=\"wp-block-file__button wp-element-button\" download aria-describedby=\"wp-block-file--media-88497ddf-62b5-4b4d-b34b-a861b95cfe21\">Pobierz<\/a><\/div>\n","protected":false},"excerpt":{"rendered":"<p>Serdecznie zapraszamy do zapoznania si\u0119 z poradnikiem dla rodzic\u00f3w pt. &#8220;Co robi\u0105 Twoje dzieci w sieci?&#8221;<\/p>\n","protected":false},"author":4,"featured_media":0,"parent":0,"menu_order":0,"comment_status":"closed","ping_status":"closed","template":"","meta":{"ngg_post_thumbnail":0,"footnotes":""},"class_list":["post-4846","page","type-page","status-publish","hentry","nodate","item-wrap"],"_links":{"self":[{"href":"https:\/\/spturza.pl\/index.php\/wp-json\/wp\/v2\/pages\/4846","targetHints":{"allow":["GET"]}}],"collection":[{"href":"https:\/\/spturza.pl\/index.php\/wp-json\/wp\/v2\/pages"}],"about":[{"href":"https:\/\/spturza.pl\/index.php\/wp-json\/wp\/v2\/types\/page"}],"author":[{"embeddable":true,"href":"https:\/\/spturza.pl\/index.php\/wp-json\/wp\/v2\/users\/4"}],"replies":[{"embeddable":true,"href":"https:\/\/spturza.pl\/index.php\/wp-json\/wp\/v2\/comments?post=4846"}],"version-history":[{"count":1,"href":"https:\/\/spturza.pl\/index.php\/wp-json\/wp\/v2\/pages\/4846\/revisions"}],"predecessor-version":[{"id":4848,"href":"https:\/\/spturza.pl\/index.php\/wp-json\/wp\/v2\/pages\/4846\/revisions\/4848"}],"wp:attachment":[{"href":"https:\/\/spturza.pl\/index.php\/wp-json\/wp\/v2\/media?parent=4846"}],"curies":[{"name":"wp","href":"https:\/\/api.w.org\/{rel}","templated":true}]}}