{"id":4782,"date":"2025-10-25T13:31:09","date_gmt":"2025-10-25T11:31:09","guid":{"rendered":"https:\/\/spturza.pl\/?page_id=4782"},"modified":"2025-10-25T13:31:10","modified_gmt":"2025-10-25T11:31:10","slug":"zalacznik-nr-6-kwestionariusz-zgloszeniowy-nauczyciel","status":"publish","type":"page","link":"https:\/\/spturza.pl\/index.php\/zalacznik-nr-6-kwestionariusz-zgloszeniowy-nauczyciel\/","title":{"rendered":"ZA\u0141\u0104CZNIK NR 6 KWESTIONARIUSZ ZG\u0141OSZENIOWY &#8211; NAUCZYCIEL"},"content":{"rendered":"\n<div data-wp-interactive=\"core\/file\" class=\"wp-block-file\"><object data-wp-bind--hidden=\"!state.hasPdfPreview\" hidden class=\"wp-block-file__embed\" data=\"https:\/\/spturza.pl\/wp-content\/uploads\/2025\/10\/ZALACZNIK-NR-6-KWESTIONARIUSZ-ZGLOSZENIOWY-NAUCZYCIEL.pdf\" type=\"application\/pdf\" style=\"width:100%;height:600px\" aria-label=\"Osadzone z ZA\u0141\u0104CZNIK NR 6 KWESTIONARIUSZ ZG\u0141OSZENIOWY - NAUCZYCIEL.\"><\/object><a id=\"wp-block-file--media-35b32e8c-bec5-4847-897d-66e5e831f424\" href=\"https:\/\/spturza.pl\/wp-content\/uploads\/2025\/10\/ZALACZNIK-NR-6-KWESTIONARIUSZ-ZGLOSZENIOWY-NAUCZYCIEL.pdf\">ZA\u0141\u0104CZNIK NR 6 KWESTIONARIUSZ ZG\u0141OSZENIOWY &#8211; NAUCZYCIEL<\/a><a href=\"https:\/\/spturza.pl\/wp-content\/uploads\/2025\/10\/ZALACZNIK-NR-6-KWESTIONARIUSZ-ZGLOSZENIOWY-NAUCZYCIEL.pdf\" class=\"wp-block-file__button wp-element-button\" download aria-describedby=\"wp-block-file--media-35b32e8c-bec5-4847-897d-66e5e831f424\">Pobierz<\/a><\/div>\n","protected":false},"excerpt":{"rendered":"","protected":false},"author":4,"featured_media":0,"parent":0,"menu_order":0,"comment_status":"closed","ping_status":"closed","template":"","meta":{"ngg_post_thumbnail":0,"footnotes":""},"class_list":["post-4782","page","type-page","status-publish","hentry","nodate","item-wrap"],"_links":{"self":[{"href":"https:\/\/spturza.pl\/index.php\/wp-json\/wp\/v2\/pages\/4782","targetHints":{"allow":["GET"]}}],"collection":[{"href":"https:\/\/spturza.pl\/index.php\/wp-json\/wp\/v2\/pages"}],"about":[{"href":"https:\/\/spturza.pl\/index.php\/wp-json\/wp\/v2\/types\/page"}],"author":[{"embeddable":true,"href":"https:\/\/spturza.pl\/index.php\/wp-json\/wp\/v2\/users\/4"}],"replies":[{"embeddable":true,"href":"https:\/\/spturza.pl\/index.php\/wp-json\/wp\/v2\/comments?post=4782"}],"version-history":[{"count":1,"href":"https:\/\/spturza.pl\/index.php\/wp-json\/wp\/v2\/pages\/4782\/revisions"}],"predecessor-version":[{"id":4784,"href":"https:\/\/spturza.pl\/index.php\/wp-json\/wp\/v2\/pages\/4782\/revisions\/4784"}],"wp:attachment":[{"href":"https:\/\/spturza.pl\/index.php\/wp-json\/wp\/v2\/media?parent=4782"}],"curies":[{"name":"wp","href":"https:\/\/api.w.org\/{rel}","templated":true}]}}