{"id":4779,"date":"2025-10-25T13:30:25","date_gmt":"2025-10-25T11:30:25","guid":{"rendered":"https:\/\/spturza.pl\/?page_id=4779"},"modified":"2025-10-25T13:30:25","modified_gmt":"2025-10-25T11:30:25","slug":"zalacznik-nr-5-umowa-uczen","status":"publish","type":"page","link":"https:\/\/spturza.pl\/index.php\/zalacznik-nr-5-umowa-uczen\/","title":{"rendered":"ZA\u0141\u0104CZNIK NR 5 UMOWA &#8211; UCZE\u0143"},"content":{"rendered":"\n<div data-wp-interactive=\"core\/file\" class=\"wp-block-file\"><object data-wp-bind--hidden=\"!state.hasPdfPreview\" hidden class=\"wp-block-file__embed\" data=\"https:\/\/spturza.pl\/wp-content\/uploads\/2025\/10\/ZALACZNIK-NR-5-UMOWA-UCZEN.pdf\" type=\"application\/pdf\" style=\"width:100%;height:600px\" aria-label=\"Osadzone z ZA\u0141\u0104CZNIK NR 5 UMOWA - UCZE\u0143.\"><\/object><a id=\"wp-block-file--media-b4d405fe-f762-43fb-921e-000f6fe72d27\" href=\"https:\/\/spturza.pl\/wp-content\/uploads\/2025\/10\/ZALACZNIK-NR-5-UMOWA-UCZEN.pdf\">ZA\u0141\u0104CZNIK NR 5 UMOWA &#8211; UCZE\u0143<\/a><a href=\"https:\/\/spturza.pl\/wp-content\/uploads\/2025\/10\/ZALACZNIK-NR-5-UMOWA-UCZEN.pdf\" class=\"wp-block-file__button wp-element-button\" download aria-describedby=\"wp-block-file--media-b4d405fe-f762-43fb-921e-000f6fe72d27\">Pobierz<\/a><\/div>\n","protected":false},"excerpt":{"rendered":"","protected":false},"author":4,"featured_media":0,"parent":0,"menu_order":0,"comment_status":"closed","ping_status":"closed","template":"","meta":{"ngg_post_thumbnail":0,"footnotes":""},"class_list":["post-4779","page","type-page","status-publish","hentry","nodate","item-wrap"],"_links":{"self":[{"href":"https:\/\/spturza.pl\/index.php\/wp-json\/wp\/v2\/pages\/4779","targetHints":{"allow":["GET"]}}],"collection":[{"href":"https:\/\/spturza.pl\/index.php\/wp-json\/wp\/v2\/pages"}],"about":[{"href":"https:\/\/spturza.pl\/index.php\/wp-json\/wp\/v2\/types\/page"}],"author":[{"embeddable":true,"href":"https:\/\/spturza.pl\/index.php\/wp-json\/wp\/v2\/users\/4"}],"replies":[{"embeddable":true,"href":"https:\/\/spturza.pl\/index.php\/wp-json\/wp\/v2\/comments?post=4779"}],"version-history":[{"count":1,"href":"https:\/\/spturza.pl\/index.php\/wp-json\/wp\/v2\/pages\/4779\/revisions"}],"predecessor-version":[{"id":4781,"href":"https:\/\/spturza.pl\/index.php\/wp-json\/wp\/v2\/pages\/4779\/revisions\/4781"}],"wp:attachment":[{"href":"https:\/\/spturza.pl\/index.php\/wp-json\/wp\/v2\/media?parent=4779"}],"curies":[{"name":"wp","href":"https:\/\/api.w.org\/{rel}","templated":true}]}}