{"id":4776,"date":"2025-10-25T13:29:09","date_gmt":"2025-10-25T11:29:09","guid":{"rendered":"https:\/\/spturza.pl\/?page_id=4776"},"modified":"2025-10-25T13:29:09","modified_gmt":"2025-10-25T11:29:09","slug":"zalacznik-nr-4-oswiadczenie-potwierdzajace-kwalifikowalnosc-uczestnika-projektu-uczen","status":"publish","type":"page","link":"https:\/\/spturza.pl\/index.php\/zalacznik-nr-4-oswiadczenie-potwierdzajace-kwalifikowalnosc-uczestnika-projektu-uczen\/","title":{"rendered":"ZA\u0141\u0104CZNIK NR 4 O\u015aWIADCZENIE POTWIERDZAJ\u0104CE KWALIFIKOWALNO\u015a\u0106 UCZESTNIKA PROJEKTU &#8211; UCZE\u0143"},"content":{"rendered":"\n<div data-wp-interactive=\"core\/file\" class=\"wp-block-file\"><object data-wp-bind--hidden=\"!state.hasPdfPreview\" hidden class=\"wp-block-file__embed\" data=\"https:\/\/spturza.pl\/wp-content\/uploads\/2025\/10\/ZALACZNIK-NR-4-OSWIADCZENIE-POTWIERDZAJACE-KWALIFIKOWALNOSC-UCZESTNIKA-PROJEKTU-UCZEN.pdf\" type=\"application\/pdf\" style=\"width:100%;height:600px\" aria-label=\"Osadzone z ZA\u0141\u0104CZNIK NR 4 O\u015aWIADCZENIE POTWIERDZAJ\u0104CE KWALIFIKOWALNO\u015a\u0106 UCZESTNIKA PROJEKTU - UCZE\u0143.\"><\/object><a id=\"wp-block-file--media-fb94bf2e-a383-43fe-b7ff-2022d4efe4ba\" href=\"https:\/\/spturza.pl\/wp-content\/uploads\/2025\/10\/ZALACZNIK-NR-4-OSWIADCZENIE-POTWIERDZAJACE-KWALIFIKOWALNOSC-UCZESTNIKA-PROJEKTU-UCZEN.pdf\">ZA\u0141\u0104CZNIK NR 4 O\u015aWIADCZENIE POTWIERDZAJ\u0104CE KWALIFIKOWALNO\u015a\u0106 UCZESTNIKA PROJEKTU &#8211; UCZE\u0143<\/a><a href=\"https:\/\/spturza.pl\/wp-content\/uploads\/2025\/10\/ZALACZNIK-NR-4-OSWIADCZENIE-POTWIERDZAJACE-KWALIFIKOWALNOSC-UCZESTNIKA-PROJEKTU-UCZEN.pdf\" class=\"wp-block-file__button wp-element-button\" download aria-describedby=\"wp-block-file--media-fb94bf2e-a383-43fe-b7ff-2022d4efe4ba\">Pobierz<\/a><\/div>\n","protected":false},"excerpt":{"rendered":"","protected":false},"author":4,"featured_media":0,"parent":0,"menu_order":0,"comment_status":"closed","ping_status":"closed","template":"","meta":{"ngg_post_thumbnail":0,"footnotes":""},"class_list":["post-4776","page","type-page","status-publish","hentry","nodate","item-wrap"],"_links":{"self":[{"href":"https:\/\/spturza.pl\/index.php\/wp-json\/wp\/v2\/pages\/4776","targetHints":{"allow":["GET"]}}],"collection":[{"href":"https:\/\/spturza.pl\/index.php\/wp-json\/wp\/v2\/pages"}],"about":[{"href":"https:\/\/spturza.pl\/index.php\/wp-json\/wp\/v2\/types\/page"}],"author":[{"embeddable":true,"href":"https:\/\/spturza.pl\/index.php\/wp-json\/wp\/v2\/users\/4"}],"replies":[{"embeddable":true,"href":"https:\/\/spturza.pl\/index.php\/wp-json\/wp\/v2\/comments?post=4776"}],"version-history":[{"count":1,"href":"https:\/\/spturza.pl\/index.php\/wp-json\/wp\/v2\/pages\/4776\/revisions"}],"predecessor-version":[{"id":4778,"href":"https:\/\/spturza.pl\/index.php\/wp-json\/wp\/v2\/pages\/4776\/revisions\/4778"}],"wp:attachment":[{"href":"https:\/\/spturza.pl\/index.php\/wp-json\/wp\/v2\/media?parent=4776"}],"curies":[{"name":"wp","href":"https:\/\/api.w.org\/{rel}","templated":true}]}}