{"id":4773,"date":"2025-10-25T13:28:18","date_gmt":"2025-10-25T11:28:18","guid":{"rendered":"https:\/\/spturza.pl\/?page_id=4773"},"modified":"2025-10-25T13:28:18","modified_gmt":"2025-10-25T11:28:18","slug":"zalacznik-nr-3-oswiadczenie-uczstnika-projektu","status":"publish","type":"page","link":"https:\/\/spturza.pl\/index.php\/zalacznik-nr-3-oswiadczenie-uczstnika-projektu\/","title":{"rendered":"ZA\u0141\u0104CZNIK NR 3 O\u015aWIADCZENIE UCZSTNIKA PROJEKTU"},"content":{"rendered":"\n<div data-wp-interactive=\"core\/file\" class=\"wp-block-file\"><object data-wp-bind--hidden=\"!state.hasPdfPreview\" hidden class=\"wp-block-file__embed\" data=\"https:\/\/spturza.pl\/wp-content\/uploads\/2025\/10\/ZALACZNIK-NR-3-OSWIADCZENIE-UCZSTNIKA-PROJEKTU.pdf\" type=\"application\/pdf\" style=\"width:100%;height:600px\" aria-label=\"Osadzone z ZA\u0141\u0104CZNIK NR 3 O\u015aWIADCZENIE UCZSTNIKA PROJEKTU.\"><\/object><a id=\"wp-block-file--media-7c42280f-d807-433c-b928-f2b0c485783b\" href=\"https:\/\/spturza.pl\/wp-content\/uploads\/2025\/10\/ZALACZNIK-NR-3-OSWIADCZENIE-UCZSTNIKA-PROJEKTU.pdf\">ZA\u0141\u0104CZNIK NR 3 O\u015aWIADCZENIE UCZSTNIKA PROJEKTU<\/a><a href=\"https:\/\/spturza.pl\/wp-content\/uploads\/2025\/10\/ZALACZNIK-NR-3-OSWIADCZENIE-UCZSTNIKA-PROJEKTU.pdf\" class=\"wp-block-file__button wp-element-button\" download aria-describedby=\"wp-block-file--media-7c42280f-d807-433c-b928-f2b0c485783b\">Pobierz<\/a><\/div>\n","protected":false},"excerpt":{"rendered":"","protected":false},"author":4,"featured_media":0,"parent":0,"menu_order":0,"comment_status":"closed","ping_status":"closed","template":"","meta":{"ngg_post_thumbnail":0,"footnotes":""},"class_list":["post-4773","page","type-page","status-publish","hentry","nodate","item-wrap"],"_links":{"self":[{"href":"https:\/\/spturza.pl\/index.php\/wp-json\/wp\/v2\/pages\/4773","targetHints":{"allow":["GET"]}}],"collection":[{"href":"https:\/\/spturza.pl\/index.php\/wp-json\/wp\/v2\/pages"}],"about":[{"href":"https:\/\/spturza.pl\/index.php\/wp-json\/wp\/v2\/types\/page"}],"author":[{"embeddable":true,"href":"https:\/\/spturza.pl\/index.php\/wp-json\/wp\/v2\/users\/4"}],"replies":[{"embeddable":true,"href":"https:\/\/spturza.pl\/index.php\/wp-json\/wp\/v2\/comments?post=4773"}],"version-history":[{"count":1,"href":"https:\/\/spturza.pl\/index.php\/wp-json\/wp\/v2\/pages\/4773\/revisions"}],"predecessor-version":[{"id":4775,"href":"https:\/\/spturza.pl\/index.php\/wp-json\/wp\/v2\/pages\/4773\/revisions\/4775"}],"wp:attachment":[{"href":"https:\/\/spturza.pl\/index.php\/wp-json\/wp\/v2\/media?parent=4773"}],"curies":[{"name":"wp","href":"https:\/\/api.w.org\/{rel}","templated":true}]}}