{"id":4767,"date":"2025-10-25T13:26:39","date_gmt":"2025-10-25T11:26:39","guid":{"rendered":"https:\/\/spturza.pl\/?page_id=4767"},"modified":"2025-10-25T13:26:39","modified_gmt":"2025-10-25T11:26:39","slug":"zalacznik-nr-1-kwestionariusz-zgloszeniowy-dziecka","status":"publish","type":"page","link":"https:\/\/spturza.pl\/index.php\/zalacznik-nr-1-kwestionariusz-zgloszeniowy-dziecka\/","title":{"rendered":"ZA\u0141\u0104CZNIK NR 1 KWESTIONARIUSZ ZG\u0141OSZENIOWY DZIECKA"},"content":{"rendered":"\n<div data-wp-interactive=\"core\/file\" class=\"wp-block-file\"><object data-wp-bind--hidden=\"!state.hasPdfPreview\" hidden class=\"wp-block-file__embed\" data=\"https:\/\/spturza.pl\/wp-content\/uploads\/2025\/10\/ZALACZNIK-NR-1-KWESTIONARIUSZ-ZGLOSZENIOWY-DZIECKA.pdf\" type=\"application\/pdf\" style=\"width:100%;height:600px\" aria-label=\"Osadzone z ZA\u0141\u0104CZNIK NR 1 KWESTIONARIUSZ ZG\u0141OSZENIOWY DZIECKA.\"><\/object><a id=\"wp-block-file--media-c74a9f4e-38a6-4e1a-ab12-2de4f35ff803\" href=\"https:\/\/spturza.pl\/wp-content\/uploads\/2025\/10\/ZALACZNIK-NR-1-KWESTIONARIUSZ-ZGLOSZENIOWY-DZIECKA.pdf\">ZA\u0141\u0104CZNIK NR 1 KWESTIONARIUSZ ZG\u0141OSZENIOWY DZIECKA<\/a><a href=\"https:\/\/spturza.pl\/wp-content\/uploads\/2025\/10\/ZALACZNIK-NR-1-KWESTIONARIUSZ-ZGLOSZENIOWY-DZIECKA.pdf\" class=\"wp-block-file__button wp-element-button\" download aria-describedby=\"wp-block-file--media-c74a9f4e-38a6-4e1a-ab12-2de4f35ff803\">Pobierz<\/a><\/div>\n","protected":false},"excerpt":{"rendered":"","protected":false},"author":4,"featured_media":0,"parent":0,"menu_order":0,"comment_status":"closed","ping_status":"closed","template":"","meta":{"ngg_post_thumbnail":0,"footnotes":""},"class_list":["post-4767","page","type-page","status-publish","hentry","nodate","item-wrap"],"_links":{"self":[{"href":"https:\/\/spturza.pl\/index.php\/wp-json\/wp\/v2\/pages\/4767","targetHints":{"allow":["GET"]}}],"collection":[{"href":"https:\/\/spturza.pl\/index.php\/wp-json\/wp\/v2\/pages"}],"about":[{"href":"https:\/\/spturza.pl\/index.php\/wp-json\/wp\/v2\/types\/page"}],"author":[{"embeddable":true,"href":"https:\/\/spturza.pl\/index.php\/wp-json\/wp\/v2\/users\/4"}],"replies":[{"embeddable":true,"href":"https:\/\/spturza.pl\/index.php\/wp-json\/wp\/v2\/comments?post=4767"}],"version-history":[{"count":1,"href":"https:\/\/spturza.pl\/index.php\/wp-json\/wp\/v2\/pages\/4767\/revisions"}],"predecessor-version":[{"id":4769,"href":"https:\/\/spturza.pl\/index.php\/wp-json\/wp\/v2\/pages\/4767\/revisions\/4769"}],"wp:attachment":[{"href":"https:\/\/spturza.pl\/index.php\/wp-json\/wp\/v2\/media?parent=4767"}],"curies":[{"name":"wp","href":"https:\/\/api.w.org\/{rel}","templated":true}]}}