{"id":4609,"date":"2025-10-09T19:31:50","date_gmt":"2025-10-09T17:31:50","guid":{"rendered":"https:\/\/spturza.pl\/?page_id=4609"},"modified":"2025-10-09T19:31:50","modified_gmt":"2025-10-09T17:31:50","slug":"poradniki-zobacz-przeczytaj-warto","status":"publish","type":"page","link":"https:\/\/spturza.pl\/index.php\/poradniki-zobacz-przeczytaj-warto\/","title":{"rendered":"Poradniki&#8230; zobacz&#8230; przeczytaj&#8230; warto&#8230;"},"content":{"rendered":"\n<div data-wp-interactive=\"core\/file\" class=\"wp-block-file\"><object data-wp-bind--hidden=\"!state.hasPdfPreview\" hidden class=\"wp-block-file__embed\" data=\"https:\/\/spturza.pl\/wp-content\/uploads\/2025\/10\/CYBERPRZEMOC-WLACZ-BLOKADE-NA-NEKANIE.pdf\" type=\"application\/pdf\" style=\"width:100%;height:600px\" aria-label=\"Osadzone z CYBERPRZEMOC - W\u0141\u0104CZ BLOKAD\u0118 NA N\u0118KANIE.\"><\/object><a id=\"wp-block-file--media-161d1e37-402a-4a08-a6d2-88c91a97fb15\" href=\"https:\/\/spturza.pl\/wp-content\/uploads\/2025\/10\/CYBERPRZEMOC-WLACZ-BLOKADE-NA-NEKANIE.pdf\">CYBERPRZEMOC &#8211; W\u0141\u0104CZ BLOKAD\u0118 NA N\u0118KANIE<\/a><a href=\"https:\/\/spturza.pl\/wp-content\/uploads\/2025\/10\/CYBERPRZEMOC-WLACZ-BLOKADE-NA-NEKANIE.pdf\" class=\"wp-block-file__button wp-element-button\" download aria-describedby=\"wp-block-file--media-161d1e37-402a-4a08-a6d2-88c91a97fb15\">Pobierz<\/a><\/div>\n\n\n\n<div data-wp-interactive=\"core\/file\" class=\"wp-block-file\"><object data-wp-bind--hidden=\"!state.hasPdfPreview\" hidden class=\"wp-block-file__embed\" data=\"https:\/\/spturza.pl\/wp-content\/uploads\/2025\/10\/HIGIENA-CYFROWA-I-CYBERBEZPIECZENSTWO.pdf\" type=\"application\/pdf\" style=\"width:100%;height:600px\" aria-label=\"Osadzone z HIGIENA CYFROWA I CYBERBEZPIECZE\u0143STWO.\"><\/object><a id=\"wp-block-file--media-4ce848e6-1311-402e-b49c-d6612587a606\" href=\"https:\/\/spturza.pl\/wp-content\/uploads\/2025\/10\/HIGIENA-CYFROWA-I-CYBERBEZPIECZENSTWO.pdf\">HIGIENA CYFROWA I CYBERBEZPIECZE\u0143STWO<\/a><a href=\"https:\/\/spturza.pl\/wp-content\/uploads\/2025\/10\/HIGIENA-CYFROWA-I-CYBERBEZPIECZENSTWO.pdf\" class=\"wp-block-file__button wp-element-button\" download aria-describedby=\"wp-block-file--media-4ce848e6-1311-402e-b49c-d6612587a606\">Pobierz<\/a><\/div>\n\n\n\n<div data-wp-interactive=\"core\/file\" class=\"wp-block-file\"><object data-wp-bind--hidden=\"!state.hasPdfPreview\" hidden class=\"wp-block-file__embed\" data=\"https:\/\/spturza.pl\/wp-content\/uploads\/2025\/10\/JAK-WSPIERAC-DOBROSTAN-UCZENNIC-I-UCZNIOW-W-SZKOLE.pdf\" type=\"application\/pdf\" style=\"width:100%;height:600px\" aria-label=\"Osadzone z JAK WSPIERA\u0106 DOBROSTAN UCZENNIC I UCZNI\u00d3W W SZKOLE.\"><\/object><a id=\"wp-block-file--media-14059543-06f1-4ba4-ab0d-e178e2f591a1\" href=\"https:\/\/spturza.pl\/wp-content\/uploads\/2025\/10\/JAK-WSPIERAC-DOBROSTAN-UCZENNIC-I-UCZNIOW-W-SZKOLE.pdf\">JAK WSPIERA\u0106 DOBROSTAN UCZENNIC I UCZNI\u00d3W W SZKOLE<\/a><a href=\"https:\/\/spturza.pl\/wp-content\/uploads\/2025\/10\/JAK-WSPIERAC-DOBROSTAN-UCZENNIC-I-UCZNIOW-W-SZKOLE.pdf\" class=\"wp-block-file__button wp-element-button\" download aria-describedby=\"wp-block-file--media-14059543-06f1-4ba4-ab0d-e178e2f591a1\">Pobierz<\/a><\/div>\n\n\n\n<div data-wp-interactive=\"core\/file\" class=\"wp-block-file\"><object data-wp-bind--hidden=\"!state.hasPdfPreview\" hidden class=\"wp-block-file__embed\" data=\"https:\/\/spturza.pl\/wp-content\/uploads\/2025\/10\/POROZMAWIAJMY-O.-ROZMOWY-O-DZIECIACH.pdf\" type=\"application\/pdf\" style=\"width:100%;height:600px\" aria-label=\"Osadzone z POROZMAWIAJMY O... ROZMOWY O DZIECIACH.\"><\/object><a id=\"wp-block-file--media-24efc995-0c0e-4cec-a33a-aad2d09579e4\" href=\"https:\/\/spturza.pl\/wp-content\/uploads\/2025\/10\/POROZMAWIAJMY-O.-ROZMOWY-O-DZIECIACH.pdf\">POROZMAWIAJMY O&#8230; ROZMOWY O DZIECIACH<\/a><a href=\"https:\/\/spturza.pl\/wp-content\/uploads\/2025\/10\/POROZMAWIAJMY-O.-ROZMOWY-O-DZIECIACH.pdf\" class=\"wp-block-file__button wp-element-button\" download aria-describedby=\"wp-block-file--media-24efc995-0c0e-4cec-a33a-aad2d09579e4\">Pobierz<\/a><\/div>\n\n\n\n<div data-wp-interactive=\"core\/file\" class=\"wp-block-file\"><object data-wp-bind--hidden=\"!state.hasPdfPreview\" hidden class=\"wp-block-file__embed\" data=\"https:\/\/spturza.pl\/wp-content\/uploads\/2025\/10\/POROZMAWIAJMY-O.-ROZMOWY-O-EMOCJACH.pdf\" type=\"application\/pdf\" style=\"width:100%;height:600px\" aria-label=\"Osadzone z POROZMAWIAJMY O... ROZMOWY O EMOCJACH.\"><\/object><a id=\"wp-block-file--media-2ceca91a-58bf-485b-874c-80b734565cd9\" href=\"https:\/\/spturza.pl\/wp-content\/uploads\/2025\/10\/POROZMAWIAJMY-O.-ROZMOWY-O-EMOCJACH.pdf\">POROZMAWIAJMY O&#8230; ROZMOWY O EMOCJACH<\/a><a href=\"https:\/\/spturza.pl\/wp-content\/uploads\/2025\/10\/POROZMAWIAJMY-O.-ROZMOWY-O-EMOCJACH.pdf\" class=\"wp-block-file__button wp-element-button\" download aria-describedby=\"wp-block-file--media-2ceca91a-58bf-485b-874c-80b734565cd9\">Pobierz<\/a><\/div>\n\n\n\n<div data-wp-interactive=\"core\/file\" class=\"wp-block-file\"><object data-wp-bind--hidden=\"!state.hasPdfPreview\" hidden class=\"wp-block-file__embed\" data=\"https:\/\/spturza.pl\/wp-content\/uploads\/2025\/10\/ROLA-RODZINY-I-OSOB-BLISKICH-W-PROMOCJI-ZDROWIA-PSYCHICZNEGO.pdf\" type=\"application\/pdf\" style=\"width:100%;height:600px\" aria-label=\"Osadzone z ROLA RODZINY I OS\u00d3B BLISKICH W PROMOCJI ZDROWIA PSYCHICZNEGO....\"><\/object><a id=\"wp-block-file--media-b91e5309-ad97-4958-b1e4-b0d67102278d\" href=\"https:\/\/spturza.pl\/wp-content\/uploads\/2025\/10\/ROLA-RODZINY-I-OSOB-BLISKICH-W-PROMOCJI-ZDROWIA-PSYCHICZNEGO.pdf\">ROLA RODZINY I OS\u00d3B BLISKICH W PROMOCJI ZDROWIA PSYCHICZNEGO&#8230;<\/a><a href=\"https:\/\/spturza.pl\/wp-content\/uploads\/2025\/10\/ROLA-RODZINY-I-OSOB-BLISKICH-W-PROMOCJI-ZDROWIA-PSYCHICZNEGO.pdf\" class=\"wp-block-file__button wp-element-button\" download aria-describedby=\"wp-block-file--media-b91e5309-ad97-4958-b1e4-b0d67102278d\">Pobierz<\/a><\/div>\n\n\n\n<figure class=\"wp-block-gallery has-nested-images columns-default is-cropped wp-block-gallery-1 is-layout-flex wp-block-gallery-is-layout-flex\"><\/figure>\n\n\n\n<div data-wp-interactive=\"core\/file\" class=\"wp-block-file\"><object data-wp-bind--hidden=\"!state.hasPdfPreview\" hidden class=\"wp-block-file__embed\" data=\"https:\/\/spturza.pl\/wp-content\/uploads\/2025\/10\/ZDROWIE-PSYCHICZNE-MALY-PORADNIK-DLA-DZIECI-I-MLODZIEZY-2.pdf\" type=\"application\/pdf\" style=\"width:100%;height:600px\" aria-label=\"Osadzone z ZDROWIE PSYCHICZNE - MA\u0141Y PORADNIK DLA DZIECI I M\u0141ODZIE\u017bY.\"><\/object><a id=\"wp-block-file--media-48876ef8-69d8-4d7f-986b-15cbb1ddae31\" href=\"https:\/\/spturza.pl\/wp-content\/uploads\/2025\/10\/ZDROWIE-PSYCHICZNE-MALY-PORADNIK-DLA-DZIECI-I-MLODZIEZY-2.pdf\">ZDROWIE PSYCHICZNE &#8211; MA\u0141Y PORADNIK DLA DZIECI I M\u0141ODZIE\u017bY<\/a><a href=\"https:\/\/spturza.pl\/wp-content\/uploads\/2025\/10\/ZDROWIE-PSYCHICZNE-MALY-PORADNIK-DLA-DZIECI-I-MLODZIEZY-2.pdf\" class=\"wp-block-file__button wp-element-button\" download aria-describedby=\"wp-block-file--media-48876ef8-69d8-4d7f-986b-15cbb1ddae31\">Pobierz<\/a><\/div>\n","protected":false},"excerpt":{"rendered":"","protected":false},"author":4,"featured_media":0,"parent":0,"menu_order":0,"comment_status":"closed","ping_status":"closed","template":"","meta":{"ngg_post_thumbnail":0,"footnotes":""},"class_list":["post-4609","page","type-page","status-publish","hentry","nodate","item-wrap"],"_links":{"self":[{"href":"https:\/\/spturza.pl\/index.php\/wp-json\/wp\/v2\/pages\/4609","targetHints":{"allow":["GET"]}}],"collection":[{"href":"https:\/\/spturza.pl\/index.php\/wp-json\/wp\/v2\/pages"}],"about":[{"href":"https:\/\/spturza.pl\/index.php\/wp-json\/wp\/v2\/types\/page"}],"author":[{"embeddable":true,"href":"https:\/\/spturza.pl\/index.php\/wp-json\/wp\/v2\/users\/4"}],"replies":[{"embeddable":true,"href":"https:\/\/spturza.pl\/index.php\/wp-json\/wp\/v2\/comments?post=4609"}],"version-history":[{"count":1,"href":"https:\/\/spturza.pl\/index.php\/wp-json\/wp\/v2\/pages\/4609\/revisions"}],"predecessor-version":[{"id":4619,"href":"https:\/\/spturza.pl\/index.php\/wp-json\/wp\/v2\/pages\/4609\/revisions\/4619"}],"wp:attachment":[{"href":"https:\/\/spturza.pl\/index.php\/wp-json\/wp\/v2\/media?parent=4609"}],"curies":[{"name":"wp","href":"https:\/\/api.w.org\/{rel}","templated":true}]}}