{"id":4516,"date":"2025-10-02T19:25:23","date_gmt":"2025-10-02T17:25:23","guid":{"rendered":"https:\/\/spturza.pl\/?page_id=4516"},"modified":"2025-10-02T19:25:24","modified_gmt":"2025-10-02T17:25:24","slug":"dobre-relacje-z-dziecmi","status":"publish","type":"page","link":"https:\/\/spturza.pl\/index.php\/dobre-relacje-z-dziecmi\/","title":{"rendered":"Dobre relacje z dzie\u0107mi"},"content":{"rendered":"\n<p>\u201eProsz\u0119, polub mnie. Jak media spo\u0142eczno\u015bciowe wp\u0142ywaj\u0105 na rozw\u00f3j oraz samopoczucie dzieci i co rodzice mog\u0105 z tym zrobi\u0107?\u201d.<\/p>\n\n\n\n<p>Materia\u0142y z prelekcji psycholog Ma\u0142gorzaty Pru\u015b<\/p>\n\n\n\n<div data-wp-interactive=\"core\/file\" class=\"wp-block-file\"><object data-wp-bind--hidden=\"!state.hasPdfPreview\" hidden class=\"wp-block-file__embed\" data=\"https:\/\/spturza.pl\/wp-content\/uploads\/2025\/10\/Dobre-relacje-z-dziecmi.pdf\" type=\"application\/pdf\" style=\"width:100%;height:600px\" aria-label=\"Osadzone z Dobre relacje z dzie\u0107mi.\"><\/object><a id=\"wp-block-file--media-e83e9af5-df5f-4f81-bcba-f5ac39fb0712\" href=\"https:\/\/spturza.pl\/wp-content\/uploads\/2025\/10\/Dobre-relacje-z-dziecmi.pdf\">Dobre relacje z dzie\u0107mi<\/a><a href=\"https:\/\/spturza.pl\/wp-content\/uploads\/2025\/10\/Dobre-relacje-z-dziecmi.pdf\" class=\"wp-block-file__button wp-element-button\" download aria-describedby=\"wp-block-file--media-e83e9af5-df5f-4f81-bcba-f5ac39fb0712\">Pobierz<\/a><\/div>\n","protected":false},"excerpt":{"rendered":"<p>\u201eProsz\u0119, polub mnie. Jak media spo\u0142eczno\u015bciowe wp\u0142ywaj\u0105 na rozw\u00f3j oraz samopoczucie dzieci i co rodzice mog\u0105 z tym zrobi\u0107?\u201d. Materia\u0142y z prelekcji psycholog Ma\u0142gorzaty Pru\u015b<\/p>\n","protected":false},"author":4,"featured_media":0,"parent":0,"menu_order":0,"comment_status":"closed","ping_status":"closed","template":"","meta":{"ngg_post_thumbnail":0,"footnotes":""},"class_list":["post-4516","page","type-page","status-publish","hentry","nodate","item-wrap"],"_links":{"self":[{"href":"https:\/\/spturza.pl\/index.php\/wp-json\/wp\/v2\/pages\/4516","targetHints":{"allow":["GET"]}}],"collection":[{"href":"https:\/\/spturza.pl\/index.php\/wp-json\/wp\/v2\/pages"}],"about":[{"href":"https:\/\/spturza.pl\/index.php\/wp-json\/wp\/v2\/types\/page"}],"author":[{"embeddable":true,"href":"https:\/\/spturza.pl\/index.php\/wp-json\/wp\/v2\/users\/4"}],"replies":[{"embeddable":true,"href":"https:\/\/spturza.pl\/index.php\/wp-json\/wp\/v2\/comments?post=4516"}],"version-history":[{"count":1,"href":"https:\/\/spturza.pl\/index.php\/wp-json\/wp\/v2\/pages\/4516\/revisions"}],"predecessor-version":[{"id":4518,"href":"https:\/\/spturza.pl\/index.php\/wp-json\/wp\/v2\/pages\/4516\/revisions\/4518"}],"wp:attachment":[{"href":"https:\/\/spturza.pl\/index.php\/wp-json\/wp\/v2\/media?parent=4516"}],"curies":[{"name":"wp","href":"https:\/\/api.w.org\/{rel}","templated":true}]}}